{"id":429,"date":"2023-04-17T13:28:14","date_gmt":"2023-04-17T13:28:14","guid":{"rendered":"https:\/\/morell.totmedia.net\/?page_id=429"},"modified":"2023-04-18T14:47:55","modified_gmt":"2023-04-18T14:47:55","slug":"suport-rigid","status":"publish","type":"page","link":"https:\/\/morellimpressors.com\/es\/suport-rigid\/","title":{"rendered":"Apoyo R\u00edgido"},"content":{"rendered":"<div data-elementor-type=\"wp-page\" data-elementor-id=\"429\" class=\"elementor elementor-429\">\n\t\t\t\t\t\t<section class=\"elementor-section elementor-top-section elementor-element elementor-element-be5154f elementor-section-boxed elementor-section-height-default elementor-section-height-default\" data-id=\"be5154f\" data-element_type=\"section\">\n\t\t\t\t\t\t<div class=\"elementor-container elementor-column-gap-default\">\n\t\t\t\t\t<div class=\"elementor-column elementor-col-33 elementor-top-column elementor-element elementor-element-c15e98b\" data-id=\"c15e98b\" data-element_type=\"column\">\n\t\t\t<div class=\"elementor-widget-wrap elementor-element-populated\">\n\t\t\t\t\t\t<div class=\"elementor-element elementor-element-db941d4 elementor-widget-divider--separator-type-pattern elementor-widget-divider--no-spacing elementor-widget-divider--view-line elementor-widget elementor-widget-divider\" data-id=\"db941d4\" data-element_type=\"widget\" data-widget_type=\"divider.default\">\n\t\t\t\t<div class=\"elementor-widget-container\">\n\t\t\t\t\t<div class=\"elementor-divider\" style=\"--divider-pattern-url: url(&quot;data:image\/svg+xml,%3Csvg xmlns=&#039;http:\/\/www.w3.org\/2000\/svg&#039; preserveAspectRatio=&#039;xMidYMid meet&#039; overflow=&#039;visible&#039; height=&#039;100%&#039; viewBox=&#039;0 0 126 26&#039; fill=&#039;black&#039; stroke=&#039;none&#039;%3E%3Cpath d=&#039;M10.7,6l2.5,2.6l-4,4.3l4,5.4l-2.5,1.9l-4.5-5.2l-3.9,4.2L0.7,17L4,13.1L0,8.6l2.3-1.3l3.9,3.9L10.7,6z M23.9,6.6l4.2,4.5L32,7.2l2.3,1.3l-4,4.5l3.2,3.9L32,19.1l-3.9-3.3l-4.5,4.3l-2.5-1.9l4.4-5.1l-4.2-3.9L23.9,6.6zM73.5,6L76,8.6l-4,4.3l4,5.4l-2.5,1.9l-4.5-5.2l-3.9,4.2L63.5,17l4.1-4.7L63.5,8l2.3-1.3l4.1,3.6L73.5,6z M94,6l2.5,2.6l-4,4.3l4,5.4L94,20.1l-3.9-5l-3.9,4.2L84,17l3.2-3.9L84,8.6l2.3-1.3l3.2,3.9L94,6z M106.9,6l4.5,5.1l3.9-3.9l2.3,1.3l-4,4.5l3.2,3.9l-1.6,2.1l-3.9-4.2l-4.5,5.2l-2.5-1.9l4-5.4l-4-4.3L106.9,6z M53.1,6l2.5,2.6l-4,4.3l4,4.6l-2.5,1.9l-4.5-4.5l-3.5,4.5L43.1,17l3.2-3.9l-4-4.5l2.3-1.3l3.9,3.9L53.1,6z&#039;\/%3E%3C\/svg%3E&quot;);\">\n\t\t\t<span class=\"elementor-divider-separator\">\n\t\t\t\t\t\t<\/span>\n\t\t<\/div>\n\t\t\t\t<\/div>\n\t\t\t\t<\/div>\n\t\t\t\t<div class=\"elementor-element elementor-element-8acb8f2 elementor-widget elementor-widget-heading\" data-id=\"8acb8f2\" data-element_type=\"widget\" data-widget_type=\"heading.default\">\n\t\t\t\t<div class=\"elementor-widget-container\">\n\t\t\t<h2 class=\"elementor-heading-title elementor-size-default\">Apoyo R\u00edgido<\/h2>\t\t<\/div>\n\t\t\t\t<\/div>\n\t\t\t\t<div class=\"elementor-element elementor-element-c3d71b2 elementor-widget-divider--view-line elementor-widget elementor-widget-divider\" data-id=\"c3d71b2\" data-element_type=\"widget\" data-widget_type=\"divider.default\">\n\t\t\t\t<div class=\"elementor-widget-container\">\n\t\t\t\t\t<div class=\"elementor-divider\">\n\t\t\t<span class=\"elementor-divider-separator\">\n\t\t\t\t\t\t<\/span>\n\t\t<\/div>\n\t\t\t\t<\/div>\n\t\t\t\t<\/div>\n\t\t\t\t<div class=\"elementor-element elementor-element-f58ddb7 elementor-widget elementor-widget-text-editor\" data-id=\"f58ddb7\" data-element_type=\"widget\" data-widget_type=\"text-editor.default\">\n\t\t\t\t<div class=\"elementor-widget-container\">\n\t\t\t\t\t\t\t<p>&#8211; Papers est\u00e0ndrads<\/p><p>&#8211; Acabats i papers Creatius<\/p><p>&#8211; Papers 100% ecol\u00f2gics<\/p>\t\t\t\t\t\t<\/div>\n\t\t\t\t<\/div>\n\t\t\t\t<div class=\"elementor-element elementor-element-a195792 elementor-widget-divider--view-line elementor-widget elementor-widget-divider\" data-id=\"a195792\" data-element_type=\"widget\" data-widget_type=\"divider.default\">\n\t\t\t\t<div class=\"elementor-widget-container\">\n\t\t\t\t\t<div class=\"elementor-divider\">\n\t\t\t<span class=\"elementor-divider-separator\">\n\t\t\t\t\t\t<\/span>\n\t\t<\/div>\n\t\t\t\t<\/div>\n\t\t\t\t<\/div>\n\t\t\t\t<div class=\"elementor-element elementor-element-7caeb25 elementor-widget elementor-widget-button\" data-id=\"7caeb25\" data-element_type=\"widget\" data-widget_type=\"button.default\">\n\t\t\t\t<div class=\"elementor-widget-container\">\n\t\t\t\t\t<div class=\"elementor-button-wrapper\">\n\t\t\t<a class=\"elementor-button elementor-button-link elementor-size-sm\" href=\"https:\/\/morell.totmedia.net\/?page_id=203\">\n\t\t\t\t\t\t<span class=\"elementor-button-content-wrapper\">\n\t\t\t\t\t\t\t\t\t<span class=\"elementor-button-text\">CONTACTA<\/span>\n\t\t\t\t\t<\/span>\n\t\t\t\t\t<\/a>\n\t\t<\/div>\n\t\t\t\t<\/div>\n\t\t\t\t<\/div>\n\t\t\t\t<div class=\"elementor-element elementor-element-a74d54f elementor-arrows-position-inside elementor-pagination-position-outside elementor-widget elementor-widget-image-carousel\" data-id=\"a74d54f\" data-element_type=\"widget\" data-settings=\"{&quot;navigation&quot;:&quot;both&quot;,&quot;autoplay&quot;:&quot;yes&quot;,&quot;pause_on_hover&quot;:&quot;yes&quot;,&quot;pause_on_interaction&quot;:&quot;yes&quot;,&quot;autoplay_speed&quot;:5000,&quot;infinite&quot;:&quot;yes&quot;,&quot;speed&quot;:500,&quot;image_spacing_custom&quot;:{&quot;unit&quot;:&quot;px&quot;,&quot;size&quot;:20,&quot;sizes&quot;:[]},&quot;image_spacing_custom_tablet&quot;:{&quot;unit&quot;:&quot;px&quot;,&quot;size&quot;:&quot;&quot;,&quot;sizes&quot;:[]},&quot;image_spacing_custom_mobile&quot;:{&quot;unit&quot;:&quot;px&quot;,&quot;size&quot;:&quot;&quot;,&quot;sizes&quot;:[]}}\" data-widget_type=\"image-carousel.default\">\n\t\t\t\t<div class=\"elementor-widget-container\">\n\t\t\t\t\t<div class=\"elementor-image-carousel-wrapper swiper\" dir=\"ltr\">\n\t\t\t<div class=\"elementor-image-carousel swiper-wrapper\" aria-live=\"off\">\n\t\t\t\t\t\t\t\t<div class=\"swiper-slide\" role=\"group\" aria-roledescription=\"slide\" aria-label=\"1 de 3\"><figure class=\"swiper-slide-inner\"><img decoding=\"async\" class=\"swiper-slide-image\" src=\"https:\/\/morellimpressors.com\/wp-content\/uploads\/2023\/03\/image-028-150x150.jpg\" alt=\"image-028\" \/><\/figure><\/div><div class=\"swiper-slide\" role=\"group\" aria-roledescription=\"slide\" aria-label=\"2 de 3\"><figure class=\"swiper-slide-inner\"><img decoding=\"async\" class=\"swiper-slide-image\" src=\"https:\/\/morellimpressors.com\/wp-content\/uploads\/2023\/03\/image-018-150x150.jpg\" alt=\"image-018\" \/><\/figure><\/div><div class=\"swiper-slide\" role=\"group\" aria-roledescription=\"slide\" aria-label=\"3 de 3\"><figure class=\"swiper-slide-inner\"><img decoding=\"async\" class=\"swiper-slide-image\" src=\"https:\/\/morellimpressors.com\/wp-content\/uploads\/2023\/03\/image-026-150x150.jpg\" alt=\"image-026\" \/><\/figure><\/div>\t\t\t<\/div>\n\t\t\t\t\t\t\t\t\t\t\t\t<div class=\"elementor-swiper-button elementor-swiper-button-prev\" role=\"button\" tabindex=\"0\">\n\t\t\t\t\t\t<i aria-hidden=\"true\" class=\"eicon-chevron-left\"><\/i>\t\t\t\t\t<\/div>\n\t\t\t\t\t<div class=\"elementor-swiper-button elementor-swiper-button-next\" role=\"button\" tabindex=\"0\">\n\t\t\t\t\t\t<i aria-hidden=\"true\" class=\"eicon-chevron-right\"><\/i>\t\t\t\t\t<\/div>\n\t\t\t\t\n\t\t\t\t\t\t\t\t\t<div class=\"swiper-pagination\"><\/div>\n\t\t\t\t\t\t\t\t\t<\/div>\n\t\t\t\t<\/div>\n\t\t\t\t<\/div>\n\t\t\t\t\t<\/div>\n\t\t<\/div>\n\t\t\t\t<div class=\"elementor-column elementor-col-33 elementor-top-column elementor-element elementor-element-0d02f5a\" data-id=\"0d02f5a\" data-element_type=\"column\">\n\t\t\t<div class=\"elementor-widget-wrap\">\n\t\t\t\t\t\t\t<\/div>\n\t\t<\/div>\n\t\t\t\t<div class=\"elementor-column elementor-col-33 elementor-top-column elementor-element elementor-element-90b3ba7\" data-id=\"90b3ba7\" data-element_type=\"column\">\n\t\t\t<div class=\"elementor-widget-wrap elementor-element-populated\">\n\t\t\t\t\t\t<div class=\"elementor-element elementor-element-567a4f9 elementor-widget elementor-widget-heading\" data-id=\"567a4f9\" data-element_type=\"widget\" data-widget_type=\"heading.default\">\n\t\t\t\t<div class=\"elementor-widget-container\">\n\t\t\t<h2 class=\"elementor-heading-title elementor-size-default\"><a href=\"https:\/\/morell.totmedia.net\/\">< BACK<\/a><\/h2>\t\t<\/div>\n\t\t\t\t<\/div>\n\t\t\t\t<div class=\"elementor-element elementor-element-4ce0bb1 elementor-widget elementor-widget-image\" data-id=\"4ce0bb1\" data-element_type=\"widget\" data-widget_type=\"image.default\">\n\t\t\t\t<div class=\"elementor-widget-container\">\n\t\t\t\t\t\t\t\t\t\t\t\t\t<img fetchpriority=\"high\" decoding=\"async\" width=\"600\" height=\"480\" src=\"https:\/\/morellimpressors.com\/wp-content\/uploads\/2023\/03\/image-021.jpg\" class=\"attachment-large size-large wp-image-168\" alt=\"\" \/>\t\t\t\t\t\t\t\t\t\t\t\t\t<\/div>\n\t\t\t\t<\/div>\n\t\t\t\t\t<\/div>\n\t\t<\/div>\n\t\t\t\t\t<\/div>\n\t\t<\/section>\n\t\t\t\t<\/div>","protected":false},"excerpt":{"rendered":"<p>Suport R\u00edgid &#8211; Papers est\u00e0ndrads &#8211; Acabats i papers Creatius &#8211; Papers 100% ecol\u00f2gics CONTACTA Anterior Siguiente < BACK\n<\/p>","protected":false},"author":1,"featured_media":0,"parent":0,"menu_order":0,"comment_status":"closed","ping_status":"closed","template":"","meta":{"site-sidebar-layout":"no-sidebar","site-content-layout":"page-builder","ast-site-content-layout":"","site-content-style":"default","site-sidebar-style":"default","ast-global-header-display":"","ast-banner-title-visibility":"","ast-main-header-display":"","ast-hfb-above-header-display":"","ast-hfb-below-header-display":"","ast-hfb-mobile-header-display":"","site-post-title":"disabled","ast-breadcrumbs-content":"","ast-featured-img":"disabled","footer-sml-layout":"","theme-transparent-header-meta":"","adv-header-id-meta":"","stick-header-meta":"","header-above-stick-meta":"","header-main-stick-meta":"","header-below-stick-meta":"","astra-migrate-meta-layouts":"default","ast-page-background-enabled":"default","ast-page-background-meta":{"desktop":{"background-color":"var(--ast-global-color-4)","background-image":"","background-repeat":"repeat","background-position":"center center","background-size":"auto","background-attachment":"scroll","background-type":"","background-media":"","overlay-type":"","overlay-color":"","overlay-opacity":"","overlay-gradient":""},"tablet":{"background-color":"","background-image":"","background-repeat":"repeat","background-position":"center center","background-size":"auto","background-attachment":"scroll","background-type":"","background-media":"","overlay-type":"","overlay-color":"","overlay-opacity":"","overlay-gradient":""},"mobile":{"background-color":"","background-image":"","background-repeat":"repeat","background-position":"center center","background-size":"auto","background-attachment":"scroll","background-type":"","background-media":"","overlay-type":"","overlay-color":"","overlay-opacity":"","overlay-gradient":""}},"ast-content-background-meta":{"desktop":{"background-color":"var(--ast-global-color-5)","background-image":"","background-repeat":"repeat","background-position":"center center","background-size":"auto","background-attachment":"scroll","background-type":"","background-media":"","overlay-type":"","overlay-color":"","overlay-opacity":"","overlay-gradient":""},"tablet":{"background-color":"var(--ast-global-color-5)","background-image":"","background-repeat":"repeat","background-position":"center center","background-size":"auto","background-attachment":"scroll","background-type":"","background-media":"","overlay-type":"","overlay-color":"","overlay-opacity":"","overlay-gradient":""},"mobile":{"background-color":"var(--ast-global-color-5)","background-image":"","background-repeat":"repeat","background-position":"center center","background-size":"auto","background-attachment":"scroll","background-type":"","background-media":"","overlay-type":"","overlay-color":"","overlay-opacity":"","overlay-gradient":""}},"footnotes":""},"class_list":["post-429","page","type-page","status-publish","hentry"],"yoast_head":"<!-- This site is optimized with the Yoast SEO plugin v22.9 - https:\/\/yoast.com\/wordpress\/plugins\/seo\/ -->\n<title>Suport R\u00edgid - Morell Impressors<\/title>\n<meta name=\"robots\" content=\"index, follow, max-snippet:-1, max-image-preview:large, max-video-preview:-1\" \/>\n<link rel=\"canonical\" href=\"https:\/\/morellimpressors.com\/es\/suport-rigid\/\" \/>\n<meta property=\"og:locale\" content=\"es_ES\" \/>\n<meta property=\"og:type\" content=\"article\" \/>\n<meta property=\"og:title\" content=\"Suport R\u00edgid - Morell Impressors\" \/>\n<meta property=\"og:description\" content=\"Suport R\u00edgid &#8211; Papers est\u00e0ndrads &#8211; Acabats i papers Creatius &#8211; Papers 100% ecol\u00f2gics CONTACTA Anterior Siguiente &lt; BACK\" \/>\n<meta property=\"og:url\" content=\"https:\/\/morellimpressors.com\/es\/suport-rigid\/\" \/>\n<meta property=\"og:site_name\" content=\"Morell Impressors\" \/>\n<meta property=\"article:modified_time\" content=\"2023-04-18T14:47:55+00:00\" \/>\n<meta property=\"og:image\" content=\"https:\/\/morell.totmedia.net\/wp-content\/uploads\/2023\/03\/image-028-150x150.jpg\" \/>\n<meta name=\"twitter:card\" content=\"summary_large_image\" \/>\n<script type=\"application\/ld+json\" class=\"yoast-schema-graph\">{\"@context\":\"https:\/\/schema.org\",\"@graph\":[{\"@type\":\"WebPage\",\"@id\":\"https:\/\/morellimpressors.com\/suport-rigid\/\",\"url\":\"https:\/\/morellimpressors.com\/suport-rigid\/\",\"name\":\"Suport R\u00edgid - Morell Impressors\",\"isPartOf\":{\"@id\":\"https:\/\/morellimpressors.com\/#website\"},\"primaryImageOfPage\":{\"@id\":\"https:\/\/morellimpressors.com\/suport-rigid\/#primaryimage\"},\"image\":{\"@id\":\"https:\/\/morellimpressors.com\/suport-rigid\/#primaryimage\"},\"thumbnailUrl\":\"https:\/\/morell.totmedia.net\/wp-content\/uploads\/2023\/03\/image-028-150x150.jpg\",\"datePublished\":\"2023-04-17T13:28:14+00:00\",\"dateModified\":\"2023-04-18T14:47:55+00:00\",\"breadcrumb\":{\"@id\":\"https:\/\/morellimpressors.com\/suport-rigid\/#breadcrumb\"},\"inLanguage\":\"es\",\"potentialAction\":[{\"@type\":\"ReadAction\",\"target\":[\"https:\/\/morellimpressors.com\/suport-rigid\/\"]}]},{\"@type\":\"ImageObject\",\"inLanguage\":\"es\",\"@id\":\"https:\/\/morellimpressors.com\/suport-rigid\/#primaryimage\",\"url\":\"https:\/\/morell.totmedia.net\/wp-content\/uploads\/2023\/03\/image-028-150x150.jpg\",\"contentUrl\":\"https:\/\/morell.totmedia.net\/wp-content\/uploads\/2023\/03\/image-028-150x150.jpg\"},{\"@type\":\"BreadcrumbList\",\"@id\":\"https:\/\/morellimpressors.com\/suport-rigid\/#breadcrumb\",\"itemListElement\":[{\"@type\":\"ListItem\",\"position\":1,\"name\":\"Portada\",\"item\":\"https:\/\/morellimpressors.com\/\"},{\"@type\":\"ListItem\",\"position\":2,\"name\":\"Suport R\u00edgid\"}]},{\"@type\":\"WebSite\",\"@id\":\"https:\/\/morellimpressors.com\/#website\",\"url\":\"https:\/\/morellimpressors.com\/\",\"name\":\"Morell Impressors\",\"description\":\"Otro sitio realizado con WordPress\",\"publisher\":{\"@id\":\"https:\/\/morellimpressors.com\/#organization\"},\"potentialAction\":[{\"@type\":\"SearchAction\",\"target\":{\"@type\":\"EntryPoint\",\"urlTemplate\":\"https:\/\/morellimpressors.com\/?s={search_term_string}\"},\"query-input\":\"required name=search_term_string\"}],\"inLanguage\":\"es\"},{\"@type\":\"Organization\",\"@id\":\"https:\/\/morellimpressors.com\/#organization\",\"name\":\"Morell Impressors\",\"url\":\"https:\/\/morellimpressors.com\/\",\"logo\":{\"@type\":\"ImageObject\",\"inLanguage\":\"es\",\"@id\":\"https:\/\/morellimpressors.com\/#\/schema\/logo\/image\/\",\"url\":\"https:\/\/morellimpressors.com\/wp-content\/uploads\/2023\/04\/Unknown-4.png\",\"contentUrl\":\"https:\/\/morellimpressors.com\/wp-content\/uploads\/2023\/04\/Unknown-4.png\",\"width\":567,\"height\":567,\"caption\":\"Morell Impressors\"},\"image\":{\"@id\":\"https:\/\/morellimpressors.com\/#\/schema\/logo\/image\/\"}}]}<\/script>\n<!-- \/ Yoast SEO plugin. -->","yoast_head_json":{"title":"Suport R\u00edgid - Morell Impressors","robots":{"index":"index","follow":"follow","max-snippet":"max-snippet:-1","max-image-preview":"max-image-preview:large","max-video-preview":"max-video-preview:-1"},"canonical":"https:\/\/morellimpressors.com\/es\/suport-rigid\/","og_locale":"es_ES","og_type":"article","og_title":"Suport R\u00edgid - Morell Impressors","og_description":"Suport R\u00edgid &#8211; Papers est\u00e0ndrads &#8211; Acabats i papers Creatius &#8211; Papers 100% ecol\u00f2gics CONTACTA Anterior Siguiente < BACK","og_url":"https:\/\/morellimpressors.com\/es\/suport-rigid\/","og_site_name":"Morell Impressors","article_modified_time":"2023-04-18T14:47:55+00:00","og_image":[{"url":"https:\/\/morell.totmedia.net\/wp-content\/uploads\/2023\/03\/image-028-150x150.jpg"}],"twitter_card":"summary_large_image","schema":{"@context":"https:\/\/schema.org","@graph":[{"@type":"WebPage","@id":"https:\/\/morellimpressors.com\/suport-rigid\/","url":"https:\/\/morellimpressors.com\/suport-rigid\/","name":"Suport R\u00edgid - Morell Impressors","isPartOf":{"@id":"https:\/\/morellimpressors.com\/#website"},"primaryImageOfPage":{"@id":"https:\/\/morellimpressors.com\/suport-rigid\/#primaryimage"},"image":{"@id":"https:\/\/morellimpressors.com\/suport-rigid\/#primaryimage"},"thumbnailUrl":"https:\/\/morell.totmedia.net\/wp-content\/uploads\/2023\/03\/image-028-150x150.jpg","datePublished":"2023-04-17T13:28:14+00:00","dateModified":"2023-04-18T14:47:55+00:00","breadcrumb":{"@id":"https:\/\/morellimpressors.com\/suport-rigid\/#breadcrumb"},"inLanguage":"es","potentialAction":[{"@type":"ReadAction","target":["https:\/\/morellimpressors.com\/suport-rigid\/"]}]},{"@type":"ImageObject","inLanguage":"es","@id":"https:\/\/morellimpressors.com\/suport-rigid\/#primaryimage","url":"https:\/\/morell.totmedia.net\/wp-content\/uploads\/2023\/03\/image-028-150x150.jpg","contentUrl":"https:\/\/morell.totmedia.net\/wp-content\/uploads\/2023\/03\/image-028-150x150.jpg"},{"@type":"BreadcrumbList","@id":"https:\/\/morellimpressors.com\/suport-rigid\/#breadcrumb","itemListElement":[{"@type":"ListItem","position":1,"name":"Portada","item":"https:\/\/morellimpressors.com\/"},{"@type":"ListItem","position":2,"name":"Suport R\u00edgid"}]},{"@type":"WebSite","@id":"https:\/\/morellimpressors.com\/#website","url":"https:\/\/morellimpressors.com\/","name":"Morell Impressors","description":"Otro sitio realizado con WordPress","publisher":{"@id":"https:\/\/morellimpressors.com\/#organization"},"potentialAction":[{"@type":"SearchAction","target":{"@type":"EntryPoint","urlTemplate":"https:\/\/morellimpressors.com\/?s={search_term_string}"},"query-input":"required name=search_term_string"}],"inLanguage":"es"},{"@type":"Organization","@id":"https:\/\/morellimpressors.com\/#organization","name":"Morell Impressors","url":"https:\/\/morellimpressors.com\/","logo":{"@type":"ImageObject","inLanguage":"es","@id":"https:\/\/morellimpressors.com\/#\/schema\/logo\/image\/","url":"https:\/\/morellimpressors.com\/wp-content\/uploads\/2023\/04\/Unknown-4.png","contentUrl":"https:\/\/morellimpressors.com\/wp-content\/uploads\/2023\/04\/Unknown-4.png","width":567,"height":567,"caption":"Morell Impressors"},"image":{"@id":"https:\/\/morellimpressors.com\/#\/schema\/logo\/image\/"}}]}},"_links":{"self":[{"href":"https:\/\/morellimpressors.com\/es\/wp-json\/wp\/v2\/pages\/429","targetHints":{"allow":["GET"]}}],"collection":[{"href":"https:\/\/morellimpressors.com\/es\/wp-json\/wp\/v2\/pages"}],"about":[{"href":"https:\/\/morellimpressors.com\/es\/wp-json\/wp\/v2\/types\/page"}],"author":[{"embeddable":true,"href":"https:\/\/morellimpressors.com\/es\/wp-json\/wp\/v2\/users\/1"}],"replies":[{"embeddable":true,"href":"https:\/\/morellimpressors.com\/es\/wp-json\/wp\/v2\/comments?post=429"}],"version-history":[{"count":4,"href":"https:\/\/morellimpressors.com\/es\/wp-json\/wp\/v2\/pages\/429\/revisions"}],"predecessor-version":[{"id":580,"href":"https:\/\/morellimpressors.com\/es\/wp-json\/wp\/v2\/pages\/429\/revisions\/580"}],"wp:attachment":[{"href":"https:\/\/morellimpressors.com\/es\/wp-json\/wp\/v2\/media?parent=429"}],"curies":[{"name":"wp","href":"https:\/\/api.w.org\/{rel}","templated":true}]}}