{"id":323,"date":"2023-03-27T15:49:37","date_gmt":"2023-03-27T15:49:37","guid":{"rendered":"https:\/\/morell.totmedia.net\/?page_id=323"},"modified":"2023-04-27T08:20:58","modified_gmt":"2023-04-27T08:20:58","slug":"fulletons","status":"publish","type":"page","link":"https:\/\/morellimpressors.com\/es\/fulletons\/","title":{"rendered":"Folletos"},"content":{"rendered":"<div data-elementor-type=\"wp-page\" data-elementor-id=\"323\" class=\"elementor elementor-323\">\n\t\t\t\t\t\t<section class=\"elementor-section elementor-top-section elementor-element elementor-element-e314883 elementor-section-boxed elementor-section-height-default elementor-section-height-default\" data-id=\"e314883\" data-element_type=\"section\">\n\t\t\t\t\t\t<div class=\"elementor-container elementor-column-gap-default\">\n\t\t\t\t\t<div class=\"elementor-column elementor-col-33 elementor-top-column elementor-element elementor-element-297f009\" data-id=\"297f009\" data-element_type=\"column\">\n\t\t\t<div class=\"elementor-widget-wrap elementor-element-populated\">\n\t\t\t\t\t\t<div class=\"elementor-element elementor-element-e86e304 elementor-widget elementor-widget-heading\" data-id=\"e86e304\" data-element_type=\"widget\" data-widget_type=\"heading.default\">\n\t\t\t\t<div class=\"elementor-widget-container\">\n\t\t\t<h2 class=\"elementor-heading-title elementor-size-default\">Folletos<\/h2>\t\t<\/div>\n\t\t\t\t<\/div>\n\t\t\t\t<div class=\"elementor-element elementor-element-7780076 elementor-widget-divider--view-line elementor-widget elementor-widget-divider\" data-id=\"7780076\" data-element_type=\"widget\" data-widget_type=\"divider.default\">\n\t\t\t\t<div class=\"elementor-widget-container\">\n\t\t\t\t\t<div class=\"elementor-divider\">\n\t\t\t<span class=\"elementor-divider-separator\">\n\t\t\t\t\t\t<\/span>\n\t\t<\/div>\n\t\t\t\t<\/div>\n\t\t\t\t<\/div>\n\t\t\t\t<div class=\"elementor-element elementor-element-9c7e020 elementor-widget elementor-widget-text-editor\" data-id=\"9c7e020\" data-element_type=\"widget\" data-widget_type=\"text-editor.default\">\n\t\t\t\t<div class=\"elementor-widget-container\">\n\t\t\t\t\t\t\t<p class=\"p1\">&#8211; Flyers<\/p><p class=\"p1\">&#8211; Fulls de carta<\/p><p class=\"p1\">&#8211; D\u00edptics<\/p><p class=\"p1\">&#8211; Tr\u00edptics<\/p><p class=\"p1\">&#8211; Quatr\u00edptics<\/p>\t\t\t\t\t\t<\/div>\n\t\t\t\t<\/div>\n\t\t\t\t<div class=\"elementor-element elementor-element-349eb1b elementor-widget-divider--view-line elementor-widget elementor-widget-divider\" data-id=\"349eb1b\" data-element_type=\"widget\" data-widget_type=\"divider.default\">\n\t\t\t\t<div class=\"elementor-widget-container\">\n\t\t\t\t\t<div class=\"elementor-divider\">\n\t\t\t<span class=\"elementor-divider-separator\">\n\t\t\t\t\t\t<\/span>\n\t\t<\/div>\n\t\t\t\t<\/div>\n\t\t\t\t<\/div>\n\t\t\t\t<div class=\"elementor-element elementor-element-23e9bb1 elementor-widget elementor-widget-button\" data-id=\"23e9bb1\" data-element_type=\"widget\" data-widget_type=\"button.default\">\n\t\t\t\t<div class=\"elementor-widget-container\">\n\t\t\t\t\t<div class=\"elementor-button-wrapper\">\n\t\t\t<a class=\"elementor-button elementor-button-link elementor-size-sm\" href=\"https:\/\/morellimpressors.com\/es\/contacte\/\">\n\t\t\t\t\t\t<span class=\"elementor-button-content-wrapper\">\n\t\t\t\t\t\t\t\t\t<span class=\"elementor-button-text\">CONTACTA<\/span>\n\t\t\t\t\t<\/span>\n\t\t\t\t\t<\/a>\n\t\t<\/div>\n\t\t\t\t<\/div>\n\t\t\t\t<\/div>\n\t\t\t\t<div class=\"elementor-element elementor-element-b1d82d4 elementor-arrows-position-inside elementor-pagination-position-outside elementor-widget elementor-widget-image-carousel\" data-id=\"b1d82d4\" data-element_type=\"widget\" data-settings=\"{&quot;navigation&quot;:&quot;both&quot;,&quot;autoplay&quot;:&quot;yes&quot;,&quot;pause_on_hover&quot;:&quot;yes&quot;,&quot;pause_on_interaction&quot;:&quot;yes&quot;,&quot;autoplay_speed&quot;:5000,&quot;infinite&quot;:&quot;yes&quot;,&quot;speed&quot;:500,&quot;image_spacing_custom&quot;:{&quot;unit&quot;:&quot;px&quot;,&quot;size&quot;:20,&quot;sizes&quot;:[]},&quot;image_spacing_custom_tablet&quot;:{&quot;unit&quot;:&quot;px&quot;,&quot;size&quot;:&quot;&quot;,&quot;sizes&quot;:[]},&quot;image_spacing_custom_mobile&quot;:{&quot;unit&quot;:&quot;px&quot;,&quot;size&quot;:&quot;&quot;,&quot;sizes&quot;:[]}}\" data-widget_type=\"image-carousel.default\">\n\t\t\t\t<div class=\"elementor-widget-container\">\n\t\t\t\t\t<div class=\"elementor-image-carousel-wrapper swiper\" dir=\"ltr\">\n\t\t\t<div class=\"elementor-image-carousel swiper-wrapper\" aria-live=\"off\">\n\t\t\t\t\t\t\t\t<div class=\"swiper-slide\" role=\"group\" aria-roledescription=\"slide\" aria-label=\"1 de 3\"><figure class=\"swiper-slide-inner\"><img decoding=\"async\" class=\"swiper-slide-image\" src=\"https:\/\/morellimpressors.com\/wp-content\/uploads\/2023\/03\/image-028-150x150.jpg\" alt=\"image-028\" \/><\/figure><\/div><div class=\"swiper-slide\" role=\"group\" aria-roledescription=\"slide\" aria-label=\"2 de 3\"><figure class=\"swiper-slide-inner\"><img decoding=\"async\" class=\"swiper-slide-image\" src=\"https:\/\/morellimpressors.com\/wp-content\/uploads\/2023\/03\/image-018-150x150.jpg\" alt=\"image-018\" \/><\/figure><\/div><div class=\"swiper-slide\" role=\"group\" aria-roledescription=\"slide\" aria-label=\"3 de 3\"><figure class=\"swiper-slide-inner\"><img decoding=\"async\" class=\"swiper-slide-image\" src=\"https:\/\/morellimpressors.com\/wp-content\/uploads\/2023\/03\/image-026-150x150.jpg\" alt=\"image-026\" \/><\/figure><\/div>\t\t\t<\/div>\n\t\t\t\t\t\t\t\t\t\t\t\t<div class=\"elementor-swiper-button elementor-swiper-button-prev\" role=\"button\" tabindex=\"0\">\n\t\t\t\t\t\t<i aria-hidden=\"true\" class=\"eicon-chevron-left\"><\/i>\t\t\t\t\t<\/div>\n\t\t\t\t\t<div class=\"elementor-swiper-button elementor-swiper-button-next\" role=\"button\" tabindex=\"0\">\n\t\t\t\t\t\t<i aria-hidden=\"true\" class=\"eicon-chevron-right\"><\/i>\t\t\t\t\t<\/div>\n\t\t\t\t\n\t\t\t\t\t\t\t\t\t<div class=\"swiper-pagination\"><\/div>\n\t\t\t\t\t\t\t\t\t<\/div>\n\t\t\t\t<\/div>\n\t\t\t\t<\/div>\n\t\t\t\t\t<\/div>\n\t\t<\/div>\n\t\t\t\t<div class=\"elementor-column elementor-col-33 elementor-top-column elementor-element elementor-element-498d31b\" data-id=\"498d31b\" data-element_type=\"column\">\n\t\t\t<div class=\"elementor-widget-wrap\">\n\t\t\t\t\t\t\t<\/div>\n\t\t<\/div>\n\t\t\t\t<div class=\"elementor-column elementor-col-33 elementor-top-column elementor-element elementor-element-9be034c\" data-id=\"9be034c\" data-element_type=\"column\">\n\t\t\t<div class=\"elementor-widget-wrap elementor-element-populated\">\n\t\t\t\t\t\t<div class=\"elementor-element elementor-element-cb05083 elementor-widget elementor-widget-heading\" data-id=\"cb05083\" data-element_type=\"widget\" data-widget_type=\"heading.default\">\n\t\t\t\t<div class=\"elementor-widget-container\">\n\t\t\t<h2 class=\"elementor-heading-title elementor-size-default\"><a href=\"https:\/\/morellimpressors.com\/es\/\">< BACK<\/a><\/h2>\t\t<\/div>\n\t\t\t\t<\/div>\n\t\t\t\t<div class=\"elementor-element elementor-element-1c96689 elementor-widget elementor-widget-image\" data-id=\"1c96689\" data-element_type=\"widget\" data-widget_type=\"image.default\">\n\t\t\t\t<div class=\"elementor-widget-container\">\n\t\t\t\t\t\t\t\t\t\t\t\t\t<img fetchpriority=\"high\" decoding=\"async\" width=\"1000\" height=\"809\" src=\"https:\/\/morellimpressors.com\/wp-content\/uploads\/2023\/04\/Unknown-1-1.jpeg\" class=\"attachment-large size-large wp-image-818\" alt=\"\" srcset=\"https:\/\/morellimpressors.com\/wp-content\/uploads\/2023\/04\/Unknown-1-1.jpeg 1000w, https:\/\/morellimpressors.com\/wp-content\/uploads\/2023\/04\/Unknown-1-1-15x12.jpeg 15w\" sizes=\"(max-width: 1000px) 100vw, 1000px\" \/>\t\t\t\t\t\t\t\t\t\t\t\t\t<\/div>\n\t\t\t\t<\/div>\n\t\t\t\t\t<\/div>\n\t\t<\/div>\n\t\t\t\t\t<\/div>\n\t\t<\/section>\n\t\t\t\t<\/div>","protected":false},"excerpt":{"rendered":"<p>Fulletons &#8211; Flyers &#8211; Fulls de carta &#8211; D\u00edptics &#8211; Tr\u00edptics &#8211; Quatr\u00edptics CONTACTA Anterior Siguiente < BACK\n<\/p>","protected":false},"author":1,"featured_media":0,"parent":0,"menu_order":0,"comment_status":"closed","ping_status":"closed","template":"","meta":{"site-sidebar-layout":"no-sidebar","site-content-layout":"page-builder","ast-site-content-layout":"","site-content-style":"default","site-sidebar-style":"default","ast-global-header-display":"","ast-banner-title-visibility":"","ast-main-header-display":"","ast-hfb-above-header-display":"","ast-hfb-below-header-display":"","ast-hfb-mobile-header-display":"","site-post-title":"disabled","ast-breadcrumbs-content":"","ast-featured-img":"disabled","footer-sml-layout":"","theme-transparent-header-meta":"","adv-header-id-meta":"","stick-header-meta":"","header-above-stick-meta":"","header-main-stick-meta":"","header-below-stick-meta":"","astra-migrate-meta-layouts":"default","ast-page-background-enabled":"default","ast-page-background-meta":{"desktop":{"background-color":"var(--ast-global-color-4)","background-image":"","background-repeat":"repeat","background-position":"center center","background-size":"auto","background-attachment":"scroll","background-type":"","background-media":"","overlay-type":"","overlay-color":"","overlay-opacity":"","overlay-gradient":""},"tablet":{"background-color":"","background-image":"","background-repeat":"repeat","background-position":"center center","background-size":"auto","background-attachment":"scroll","background-type":"","background-media":"","overlay-type":"","overlay-color":"","overlay-opacity":"","overlay-gradient":""},"mobile":{"background-color":"","background-image":"","background-repeat":"repeat","background-position":"center center","background-size":"auto","background-attachment":"scroll","background-type":"","background-media":"","overlay-type":"","overlay-color":"","overlay-opacity":"","overlay-gradient":""}},"ast-content-background-meta":{"desktop":{"background-color":"var(--ast-global-color-5)","background-image":"","background-repeat":"repeat","background-position":"center center","background-size":"auto","background-attachment":"scroll","background-type":"","background-media":"","overlay-type":"","overlay-color":"","overlay-opacity":"","overlay-gradient":""},"tablet":{"background-color":"var(--ast-global-color-5)","background-image":"","background-repeat":"repeat","background-position":"center center","background-size":"auto","background-attachment":"scroll","background-type":"","background-media":"","overlay-type":"","overlay-color":"","overlay-opacity":"","overlay-gradient":""},"mobile":{"background-color":"var(--ast-global-color-5)","background-image":"","background-repeat":"repeat","background-position":"center center","background-size":"auto","background-attachment":"scroll","background-type":"","background-media":"","overlay-type":"","overlay-color":"","overlay-opacity":"","overlay-gradient":""}},"footnotes":""},"class_list":["post-323","page","type-page","status-publish","hentry"],"yoast_head":"<!-- This site is optimized with the Yoast SEO plugin v22.9 - https:\/\/yoast.com\/wordpress\/plugins\/seo\/ -->\n<title>Fulletons - Morell Impressors<\/title>\n<meta name=\"robots\" content=\"index, follow, max-snippet:-1, max-image-preview:large, max-video-preview:-1\" \/>\n<link rel=\"canonical\" href=\"https:\/\/morellimpressors.com\/es\/fulletons\/\" \/>\n<meta property=\"og:locale\" content=\"es_ES\" \/>\n<meta property=\"og:type\" content=\"article\" \/>\n<meta property=\"og:title\" content=\"Fulletons - Morell Impressors\" \/>\n<meta property=\"og:description\" content=\"Fulletons &#8211; Flyers &#8211; Fulls de carta &#8211; D\u00edptics &#8211; Tr\u00edptics &#8211; Quatr\u00edptics CONTACTA Anterior Siguiente &lt; BACK\" \/>\n<meta property=\"og:url\" content=\"https:\/\/morellimpressors.com\/es\/fulletons\/\" \/>\n<meta property=\"og:site_name\" content=\"Morell Impressors\" \/>\n<meta property=\"article:modified_time\" content=\"2023-04-27T08:20:58+00:00\" \/>\n<meta property=\"og:image\" content=\"https:\/\/morellimpressors.com\/wp-content\/uploads\/2023\/03\/image-028-150x150.jpg\" \/>\n<meta name=\"twitter:card\" content=\"summary_large_image\" \/>\n<script type=\"application\/ld+json\" class=\"yoast-schema-graph\">{\"@context\":\"https:\/\/schema.org\",\"@graph\":[{\"@type\":\"WebPage\",\"@id\":\"https:\/\/morellimpressors.com\/fulletons\/\",\"url\":\"https:\/\/morellimpressors.com\/fulletons\/\",\"name\":\"Fulletons - Morell Impressors\",\"isPartOf\":{\"@id\":\"https:\/\/morellimpressors.com\/#website\"},\"primaryImageOfPage\":{\"@id\":\"https:\/\/morellimpressors.com\/fulletons\/#primaryimage\"},\"image\":{\"@id\":\"https:\/\/morellimpressors.com\/fulletons\/#primaryimage\"},\"thumbnailUrl\":\"https:\/\/morellimpressors.com\/wp-content\/uploads\/2023\/03\/image-028-150x150.jpg\",\"datePublished\":\"2023-03-27T15:49:37+00:00\",\"dateModified\":\"2023-04-27T08:20:58+00:00\",\"breadcrumb\":{\"@id\":\"https:\/\/morellimpressors.com\/fulletons\/#breadcrumb\"},\"inLanguage\":\"es\",\"potentialAction\":[{\"@type\":\"ReadAction\",\"target\":[\"https:\/\/morellimpressors.com\/fulletons\/\"]}]},{\"@type\":\"ImageObject\",\"inLanguage\":\"es\",\"@id\":\"https:\/\/morellimpressors.com\/fulletons\/#primaryimage\",\"url\":\"https:\/\/morellimpressors.com\/wp-content\/uploads\/2023\/03\/image-028-150x150.jpg\",\"contentUrl\":\"https:\/\/morellimpressors.com\/wp-content\/uploads\/2023\/03\/image-028-150x150.jpg\"},{\"@type\":\"BreadcrumbList\",\"@id\":\"https:\/\/morellimpressors.com\/fulletons\/#breadcrumb\",\"itemListElement\":[{\"@type\":\"ListItem\",\"position\":1,\"name\":\"Portada\",\"item\":\"https:\/\/morellimpressors.com\/\"},{\"@type\":\"ListItem\",\"position\":2,\"name\":\"Fulletons\"}]},{\"@type\":\"WebSite\",\"@id\":\"https:\/\/morellimpressors.com\/#website\",\"url\":\"https:\/\/morellimpressors.com\/\",\"name\":\"Morell Impressors\",\"description\":\"Otro sitio realizado con WordPress\",\"publisher\":{\"@id\":\"https:\/\/morellimpressors.com\/#organization\"},\"potentialAction\":[{\"@type\":\"SearchAction\",\"target\":{\"@type\":\"EntryPoint\",\"urlTemplate\":\"https:\/\/morellimpressors.com\/?s={search_term_string}\"},\"query-input\":\"required name=search_term_string\"}],\"inLanguage\":\"es\"},{\"@type\":\"Organization\",\"@id\":\"https:\/\/morellimpressors.com\/#organization\",\"name\":\"Morell Impressors\",\"url\":\"https:\/\/morellimpressors.com\/\",\"logo\":{\"@type\":\"ImageObject\",\"inLanguage\":\"es\",\"@id\":\"https:\/\/morellimpressors.com\/#\/schema\/logo\/image\/\",\"url\":\"https:\/\/morellimpressors.com\/wp-content\/uploads\/2023\/04\/Unknown-4.png\",\"contentUrl\":\"https:\/\/morellimpressors.com\/wp-content\/uploads\/2023\/04\/Unknown-4.png\",\"width\":567,\"height\":567,\"caption\":\"Morell Impressors\"},\"image\":{\"@id\":\"https:\/\/morellimpressors.com\/#\/schema\/logo\/image\/\"}}]}<\/script>\n<!-- \/ Yoast SEO plugin. -->","yoast_head_json":{"title":"Fulletons - Morell Impressors","robots":{"index":"index","follow":"follow","max-snippet":"max-snippet:-1","max-image-preview":"max-image-preview:large","max-video-preview":"max-video-preview:-1"},"canonical":"https:\/\/morellimpressors.com\/es\/fulletons\/","og_locale":"es_ES","og_type":"article","og_title":"Fulletons - Morell Impressors","og_description":"Fulletons &#8211; Flyers &#8211; Fulls de carta &#8211; D\u00edptics &#8211; Tr\u00edptics &#8211; Quatr\u00edptics CONTACTA Anterior Siguiente < BACK","og_url":"https:\/\/morellimpressors.com\/es\/fulletons\/","og_site_name":"Morell Impressors","article_modified_time":"2023-04-27T08:20:58+00:00","og_image":[{"url":"https:\/\/morellimpressors.com\/wp-content\/uploads\/2023\/03\/image-028-150x150.jpg"}],"twitter_card":"summary_large_image","schema":{"@context":"https:\/\/schema.org","@graph":[{"@type":"WebPage","@id":"https:\/\/morellimpressors.com\/fulletons\/","url":"https:\/\/morellimpressors.com\/fulletons\/","name":"Fulletons - Morell Impressors","isPartOf":{"@id":"https:\/\/morellimpressors.com\/#website"},"primaryImageOfPage":{"@id":"https:\/\/morellimpressors.com\/fulletons\/#primaryimage"},"image":{"@id":"https:\/\/morellimpressors.com\/fulletons\/#primaryimage"},"thumbnailUrl":"https:\/\/morellimpressors.com\/wp-content\/uploads\/2023\/03\/image-028-150x150.jpg","datePublished":"2023-03-27T15:49:37+00:00","dateModified":"2023-04-27T08:20:58+00:00","breadcrumb":{"@id":"https:\/\/morellimpressors.com\/fulletons\/#breadcrumb"},"inLanguage":"es","potentialAction":[{"@type":"ReadAction","target":["https:\/\/morellimpressors.com\/fulletons\/"]}]},{"@type":"ImageObject","inLanguage":"es","@id":"https:\/\/morellimpressors.com\/fulletons\/#primaryimage","url":"https:\/\/morellimpressors.com\/wp-content\/uploads\/2023\/03\/image-028-150x150.jpg","contentUrl":"https:\/\/morellimpressors.com\/wp-content\/uploads\/2023\/03\/image-028-150x150.jpg"},{"@type":"BreadcrumbList","@id":"https:\/\/morellimpressors.com\/fulletons\/#breadcrumb","itemListElement":[{"@type":"ListItem","position":1,"name":"Portada","item":"https:\/\/morellimpressors.com\/"},{"@type":"ListItem","position":2,"name":"Fulletons"}]},{"@type":"WebSite","@id":"https:\/\/morellimpressors.com\/#website","url":"https:\/\/morellimpressors.com\/","name":"Morell Impressors","description":"Otro sitio realizado con WordPress","publisher":{"@id":"https:\/\/morellimpressors.com\/#organization"},"potentialAction":[{"@type":"SearchAction","target":{"@type":"EntryPoint","urlTemplate":"https:\/\/morellimpressors.com\/?s={search_term_string}"},"query-input":"required name=search_term_string"}],"inLanguage":"es"},{"@type":"Organization","@id":"https:\/\/morellimpressors.com\/#organization","name":"Morell Impressors","url":"https:\/\/morellimpressors.com\/","logo":{"@type":"ImageObject","inLanguage":"es","@id":"https:\/\/morellimpressors.com\/#\/schema\/logo\/image\/","url":"https:\/\/morellimpressors.com\/wp-content\/uploads\/2023\/04\/Unknown-4.png","contentUrl":"https:\/\/morellimpressors.com\/wp-content\/uploads\/2023\/04\/Unknown-4.png","width":567,"height":567,"caption":"Morell Impressors"},"image":{"@id":"https:\/\/morellimpressors.com\/#\/schema\/logo\/image\/"}}]}},"_links":{"self":[{"href":"https:\/\/morellimpressors.com\/es\/wp-json\/wp\/v2\/pages\/323","targetHints":{"allow":["GET"]}}],"collection":[{"href":"https:\/\/morellimpressors.com\/es\/wp-json\/wp\/v2\/pages"}],"about":[{"href":"https:\/\/morellimpressors.com\/es\/wp-json\/wp\/v2\/types\/page"}],"author":[{"embeddable":true,"href":"https:\/\/morellimpressors.com\/es\/wp-json\/wp\/v2\/users\/1"}],"replies":[{"embeddable":true,"href":"https:\/\/morellimpressors.com\/es\/wp-json\/wp\/v2\/comments?post=323"}],"version-history":[{"count":10,"href":"https:\/\/morellimpressors.com\/es\/wp-json\/wp\/v2\/pages\/323\/revisions"}],"predecessor-version":[{"id":830,"href":"https:\/\/morellimpressors.com\/es\/wp-json\/wp\/v2\/pages\/323\/revisions\/830"}],"wp:attachment":[{"href":"https:\/\/morellimpressors.com\/es\/wp-json\/wp\/v2\/media?parent=323"}],"curies":[{"name":"wp","href":"https:\/\/api.w.org\/{rel}","templated":true}]}}