{"id":214,"date":"2023-03-24T15:47:03","date_gmt":"2023-03-24T15:47:03","guid":{"rendered":"https:\/\/morell.totmedia.net\/?page_id=214"},"modified":"2023-04-15T21:09:19","modified_gmt":"2023-04-15T21:09:19","slug":"legal","status":"publish","type":"page","link":"https:\/\/morellimpressors.com\/es\/legal\/","title":{"rendered":"Legal"},"content":{"rendered":"<div data-elementor-type=\"wp-page\" data-elementor-id=\"214\" class=\"elementor elementor-214\">\n\t\t\t\t\t\t<section class=\"elementor-section elementor-top-section elementor-element elementor-element-17b5b906 elementor-section-boxed elementor-section-height-default elementor-section-height-default\" data-id=\"17b5b906\" data-element_type=\"section\">\n\t\t\t\t\t\t<div class=\"elementor-container elementor-column-gap-default\">\n\t\t\t\t\t<div class=\"elementor-column elementor-col-100 elementor-top-column elementor-element elementor-element-37aff98d\" data-id=\"37aff98d\" data-element_type=\"column\">\n\t\t\t<div class=\"elementor-widget-wrap elementor-element-populated\">\n\t\t\t\t\t\t<div class=\"elementor-element elementor-element-659e4eb2 elementor-widget elementor-widget-text-editor\" data-id=\"659e4eb2\" data-element_type=\"widget\" data-widget_type=\"text-editor.default\">\n\t\t\t\t<div class=\"elementor-widget-container\">\n\t\t\t\t\t\t\t<!-- wp:paragraph -->\n<p>  <\/p>\n<!-- \/wp:paragraph -->\n\n<!-- wp:paragraph {\"fontSize\":\"large\"} -->\n<p class=\"has-large-font-size\">Av\u00edso Legal<\/p>\n<!-- \/wp:paragraph -->\n\n<!-- wp:paragraph -->\n<p><\/p>\n<!-- \/wp:paragraph -->\t\t\t\t\t\t<\/div>\n\t\t\t\t<\/div>\n\t\t\t\t\t<\/div>\n\t\t<\/div>\n\t\t\t\t\t<\/div>\n\t\t<\/section>\n\t\t\t\t<section class=\"elementor-section elementor-top-section elementor-element elementor-element-714a096 elementor-section-boxed elementor-section-height-default elementor-section-height-default\" data-id=\"714a096\" data-element_type=\"section\">\n\t\t\t\t\t\t<div class=\"elementor-container elementor-column-gap-default\">\n\t\t\t\t\t<div class=\"elementor-column elementor-col-100 elementor-top-column elementor-element elementor-element-fae900d\" data-id=\"fae900d\" data-element_type=\"column\">\n\t\t\t<div class=\"elementor-widget-wrap elementor-element-populated\">\n\t\t\t\t\t\t<div class=\"elementor-element elementor-element-9097762 elementor-widget elementor-widget-text-editor\" data-id=\"9097762\" data-element_type=\"widget\" data-widget_type=\"text-editor.default\">\n\t\t\t\t<div class=\"elementor-widget-container\">\n\t\t\t\t\t\t\t<p class=\"p1\"><b>INTRODUCCI\u00d3N<span class=\"Apple-converted-space\">&nbsp;<\/span><\/b><\/p>\n<table class=\"t1\" cellspacing=\"0\" cellpadding=\"0\">\n<tbody>\n<tr>\n<td class=\"td1\" valign=\"top\">\n<p class=\"p2\">En cumplimiento de la Ley 34\/2002, de 11 de julio, de Servicios de la Sociedad de la Informaci\u00f3n y de Comercio Electr\u00f3nico (LSSI-CE), MORELL IMPRESSORS SL informa que es titular del sitio web. De acuerdo con la exigencia del art\u00edculo 10 de la citada Ley, MORELL IMPRESSORS SL informa de los siguientes datos:&nbsp;<\/p><p class=\"p2\"><span class=\"s1\"><b>RAZ\u00d3N SOCIAL<span class=\"Apple-converted-space\">&nbsp;<\/span><\/b><\/span><\/p>\n<\/td>\n<td class=\"td1\" valign=\"top\">\n<p class=\"p2\"><br><\/p><p class=\"p2\"><br><\/p><p class=\"p2\">MORELL IMPRESSORS SL<span class=\"Apple-converted-space\">&nbsp;<\/span><\/p>\n<\/td>\n<\/tr>\n<tr>\n<td class=\"td1\" valign=\"top\">\n<p class=\"p3\"><b>NIF<span class=\"Apple-converted-space\">&nbsp;<\/span><\/b><\/p>\n<\/td>\n<td class=\"td1\" valign=\"top\">\n<p class=\"p2\">B61404364<span class=\"Apple-converted-space\">&nbsp;<\/span><\/p>\n<\/td>\n<\/tr>\n<tr>\n<td class=\"td1\" valign=\"top\">\n<p class=\"p3\"><b>DIRECCI\u00d3N POSTAL<span class=\"Apple-converted-space\">&nbsp;<\/span><\/b><\/p>\n<\/td>\n<td class=\"td1\" valign=\"top\">\n<p class=\"p2\">C\/FONTANELLA, 19 BAIXOS 08401, GRANOLLERS (BARCELONA)<span class=\"Apple-converted-space\">&nbsp;<\/span><\/p>\n<\/td>\n<\/tr>\n<tr>\n<td class=\"td1\" valign=\"top\">\n<p class=\"p3\"><b>DIRECCI\u00d3N ELECTR\u00d3NICA<span class=\"Apple-converted-space\">&nbsp;<\/span><\/b><\/p>\n<\/td>\n<td class=\"td1\" valign=\"top\">\n<p class=\"p4\">sergi@morellimpressors.com<span class=\"Apple-converted-space\">&nbsp;<\/span><\/p>\n<\/td>\n<\/tr>\n<tr>\n<td class=\"td1\" valign=\"top\">\n<p class=\"p3\"><b>TEL\u00c9FONOS<span class=\"Apple-converted-space\">&nbsp;<\/span><\/b><\/p>\n<\/td>\n<td class=\"td1\" valign=\"top\">\n<p class=\"p2\">938796699<span class=\"Apple-converted-space\">&nbsp;<\/span><\/p>\n<\/td>\n<\/tr>\n<tr>\n<td class=\"td1\" valign=\"top\">\n<p class=\"p3\"><b>REGISTRO MERCANTIL<span class=\"Apple-converted-space\">&nbsp;<\/span><\/b><\/p>\n<\/td>\n<td class=\"td1\" valign=\"top\">\n<p class=\"p2\">tomo &#8230;&#8230;&#8230;&#8230;, folio &#8230;&#8230;&#8230;.., hoja &#8230;&#8230;&#8230;. e inscripci\u00f3n &#8230;&#8230;&#8230;&#8230;&#8230;..<span class=\"Apple-converted-space\">&nbsp;<\/span><\/p>\n<\/td>\n<\/tr>\n<tr>\n<td class=\"td1\" valign=\"top\">\n<p class=\"p3\"><b>OBJETO PRINCIPAL<span class=\"Apple-converted-space\">&nbsp;<\/span><\/b><\/p>\n<\/td>\n<td class=\"td1\" valign=\"top\">\n<p class=\"p2\">&#8230;&#8230;&#8230;&#8230;&#8230;&#8230;&#8230;&#8230;&#8230;&#8230;&#8230;&#8230;<span class=\"Apple-converted-space\">&nbsp;<\/span><\/p>\n<\/td>\n<\/tr>\n<\/tbody>\n<\/table>\t\t\t\t\t\t<\/div>\n\t\t\t\t<\/div>\n\t\t\t\t\t<\/div>\n\t\t<\/div>\n\t\t\t\t\t<\/div>\n\t\t<\/section>\n\t\t\t\t<section class=\"elementor-section elementor-top-section elementor-element elementor-element-515975b elementor-section-boxed elementor-section-height-default elementor-section-height-default\" data-id=\"515975b\" data-element_type=\"section\">\n\t\t\t\t\t\t<div class=\"elementor-container elementor-column-gap-default\">\n\t\t\t\t\t<div class=\"elementor-column elementor-col-100 elementor-top-column elementor-element elementor-element-edf960d\" data-id=\"edf960d\" data-element_type=\"column\">\n\t\t\t<div class=\"elementor-widget-wrap elementor-element-populated\">\n\t\t\t\t\t\t<div class=\"elementor-element elementor-element-4a7cd46 elementor-widget elementor-widget-text-editor\" data-id=\"4a7cd46\" data-element_type=\"widget\" data-widget_type=\"text-editor.default\">\n\t\t\t\t<div class=\"elementor-widget-container\">\n\t\t\t\t\t\t\t<p class=\"p1\"><b>USUARIO Y R\u00c9GIMEN DE RESPONSABILIDADES<span class=\"Apple-converted-space\">\u00a0<\/span><\/b><\/p>\n<p class=\"p2\">La navegaci\u00f3n, acceso y uso por el sitio web de MORELL IMPRESSORS SL confiere la condici\u00f3n de usuario, por la que se aceptan, desde la navegaci\u00f3n por el sitio web de MORELL IMPRESSORS SL, todas las condiciones de uso aqu\u00ed establecidas sin perjuicio de la aplicaci\u00f3n de la correspondiente normativa de obligado cumplimiento legal seg\u00fan el caso.<span class=\"Apple-converted-space\">\u00a0<\/span><\/p>\n<p class=\"p2\">El sitio web de MORELL IMPRESSORS SL proporciona gran diversidad de informaci\u00f3n, servicios y datos. El usuario asume su responsabilidad en el uso correcto del sitio web. Esta responsabilidad se extender\u00e1 a:<span class=\"Apple-converted-space\">\u00a0<\/span><\/p>\n<p class=\"p3\">-La veracidad y licitud de las informaciones aportadas por el usuario en los formularios extendidos por MORELL IMPRESSORS SL para el acceso a ciertos contenidos o servicios ofrecidos por el web.<span class=\"Apple-converted-space\">\u00a0<\/span><\/p>\n<p class=\"p3\"><span class=\"s1\" style=\"font-style: inherit; font-weight: inherit; background-color: var(--ast-global-color-5); color: var(--ast-global-color-3); font-family: -apple-system, BlinkMacSystemFont, 'Segoe UI', Roboto, Oxygen-Sans, Ubuntu, Cantarell, 'Helvetica Neue', sans-serif;\">&#8211;\u00a0<\/span><span style=\"font-style: inherit; font-weight: inherit; background-color: var(--ast-global-color-5); color: var(--ast-global-color-3); font-family: -apple-system, BlinkMacSystemFont, 'Segoe UI', Roboto, Oxygen-Sans, Ubuntu, Cantarell, 'Helvetica Neue', sans-serif;\">El uso de la informaci\u00f3n, servicios y datos ofrecidos por MORELL IMPRESSORS SL contrariamente a lo dispuesto por las presentes condiciones, la Ley, la moral, las buenas costumbres o el orden p\u00fablico, o que de cualquier otro modo puedan suponer lesi\u00f3n de los derechos de terceros o del mismo funcionamiento del sitio web.<\/span><span class=\"Apple-converted-space\" style=\"font-style: inherit; font-weight: inherit; background-color: var(--ast-global-color-5); color: var(--ast-global-color-3); font-family: -apple-system, BlinkMacSystemFont, 'Segoe UI', Roboto, Oxygen-Sans, Ubuntu, Cantarell, 'Helvetica Neue', sans-serif;\">\u00a0<\/span><\/p>\n<p class=\"p1\"><b>POL\u00cdTICA DE ENLACES Y EXENCIONES DE RESPONSABILIDAD<span class=\"Apple-converted-space\">\u00a0<\/span><\/b><\/p>\n<p class=\"p2\">MORELL IMPRESSORS SL no se hace responsable del contenido de los sitios web a los que el usuario pueda acceder a trav\u00e9s de los enlaces establecidos en su sitio web y declara que en ning\u00fan caso proceder\u00e1 a examinar o ejercitar ning\u00fan tipo de control sobre el contenido de otros sitios de la red. Asimismo, tampoco garantizar\u00e1 la disponibilidad t\u00e9cnica, exactitud, veracidad, validez o legalidad de sitios ajenos a su propiedad a los que se pueda acceder por medio de los enlaces.<span class=\"Apple-converted-space\">\u00a0<\/span><\/p>\n<p class=\"p2\">MORELL IMPRESSORS SL declara haber adoptado todas las medidas necesarias para evitar cualquier da\u00f1o a los usuarios de su sitio web, que pudieran derivarse de la navegaci\u00f3n por su sitio web. En consecuencia, <span class=\"s2\">asesoramiento y adaptaci\u00f3n a la lssi-ce \u00b7 <\/span><span class=\"s3\">documentaci\u00f3n<span class=\"Apple-converted-space\">\u00a0<\/span><\/span><\/p>\n<p class=\"p2\">MORELL IMPRESSORS SL no se hace responsable, en ning\u00fan caso, de los eventuales da\u00f1os que por la navegaci\u00f3n por Internet pudiera sufrir el usuario.<span class=\"Apple-converted-space\">\u00a0<\/span><\/p>\n<p class=\"p1\"><b>MODIFICACIONES<span class=\"Apple-converted-space\">\u00a0<\/span><\/b><\/p>\n<p class=\"p2\">MORELL IMPRESSORS SL se reserva el derecho a realizar las modificaciones que considere oportunas, sin aviso previo, en el contenido de su sitio web. Tanto en lo referente a los contenidos del sitio web, como en las condiciones de uso del mismo, o en las condiciones generales de contrataci\u00f3n. Dichas modificaciones podr\u00e1n realizarse a trav\u00e9s de su sitio web por cualquier forma admisible en derecho y ser\u00e1n de obligado cumplimiento durante el tiempo en que se encuentren publicadas en el web y hasta que no sean modificadas v\u00e1lidamente por otras posteriores.<span class=\"Apple-converted-space\">\u00a0<\/span><\/p>\n<p class=\"p1\"><b>PROPIEDAD INTELECTUAL E INDUSTRIAL<span class=\"Apple-converted-space\">\u00a0<\/span><\/b><\/p>\n<p class=\"p2\">MORELL IMPRESSORS SL por s\u00ed misma o como cesionaria, es titular de todos los derechos de propiedad intelectual e industrial de su p\u00e1gina web, as\u00ed como de los elementos contenidos en la misma (a t\u00edtulo enunciativo, im\u00e1genes, sonido, audio, v\u00eddeo, software o textos; marcas o logotipos, combinaciones de colores, estructura y dise\u00f1o, selecci\u00f3n de materiales usados, programas de ordenador necesarios para su funcionamiento, acceso y uso, etc.), titularidad de MORELL IMPRESSORS SL. Ser\u00e1n, por consiguiente, obras protegidas como propiedad intelectual por el ordenamiento jur\u00eddico espa\u00f1ol, si\u00e9ndoles aplicables tanto la normativa espa\u00f1ola y comunitaria en este campo, como los tratados internacionales relativos a la materia y suscritos por Espa\u00f1a.<span class=\"Apple-converted-space\">\u00a0<\/span><\/p>\n<p class=\"p2\">Todos los derechos reservados. En virtud de lo dispuesto en la Ley de Propiedad Intelectual, quedan expresamente prohibidas la reproducci\u00f3n, la distribuci\u00f3n y la comunicaci\u00f3n p\u00fablica, incluida su modalidad de puesta a disposici\u00f3n, de la totalidad o parte de los contenidos de esta p\u00e1gina web, con fines comerciales, en cualquier soporte y por cualquier medio t\u00e9cnico, sin la autorizaci\u00f3n de MORELL IMPRESSORS SL.<span class=\"Apple-converted-space\">\u00a0<\/span><\/p>\n<p class=\"p2\">El usuario se compromete a respetar los derechos de Propiedad Intelectual e Industrial titularidad de MORELL IMPRESSORS SL. Podr\u00e1 visualizar los elementos del portal e incluso imprimirlos, copiarlos y almacenarlos en el disco duro de su ordenador o en cualquier otro soporte f\u00edsico siempre y cuando sea, \u00fanica y exclusivamente, para su uso personal y privado. El usuario deber\u00e1 abstenerse de suprimir, alterar, eludir o manipular cualquier dispositivo de protecci\u00f3n o sistema de seguridad que estuviera instalado en las p\u00e1ginas de MORELL IMPRESSORS SL.<span class=\"Apple-converted-space\">\u00a0<\/span><\/p>\n<p class=\"p1\"><b>CERTIFICADO SSL (SECURE SOCKETS LAYER)<span class=\"Apple-converted-space\">\u00a0<\/span><\/b><\/p>\n<p class=\"p2\">El CERTIFICADO SSL proporciona autenticaci\u00f3n, privacidad y seguridad de la informaci\u00f3n entre MORELL IMPRESSORS SL y el usuario.<span class=\"Apple-converted-space\">\u00a0<\/span><\/p>\n<p class=\"p2\">MORELL IMPRESSORS SL dispone de un certificado de seguridad que se utiliza por CERTIFICADO SSL para realizar conexiones seguras.<span class=\"Apple-converted-space\">\u00a0<\/span><\/p>\n<p class=\"p2\">En este proceso se establecen varios par\u00e1metros para realizar la conexi\u00f3n de forma segura y se establece usando llaves preestablecidas, codificando y descodificando todos los datos enviados hasta que la conexi\u00f3n sea cerrada.<span class=\"Apple-converted-space\">\u00a0<\/span><\/p>\n<p class=\"p1\"><b>ACCIONES LEGALES, LEGISLACI\u00d3N APLICABLE Y JURISDICCI\u00d3N<span class=\"Apple-converted-space\">\u00a0<\/span><\/b><\/p>\n<p class=\"p2\">MORELL IMPRESSORS SL se reserva, asimismo, la facultad de presentar las acciones civiles o penales que considere oportunas por la utilizaci\u00f3n indebida de su sitio web y contenidos, o por el incumplimiento de las presentes condiciones.<span class=\"Apple-converted-space\">\u00a0<\/span><\/p>\n<p class=\"p2\">La relaci\u00f3n entre el usuario y el prestador se regir\u00e1 por la normativa vigente y de aplicaci\u00f3n en el territorio espa\u00f1ol. De surgir cualquier controversia las partes podr\u00e1n someter sus conflictos a arbitraje o acudir a la\u00a0<span style=\"font-style: inherit; font-weight: inherit; background-color: var(--ast-global-color-5); color: var(--ast-global-color-3); font-family: -apple-system, BlinkMacSystemFont, 'Segoe UI', Roboto, Oxygen-Sans, Ubuntu, Cantarell, 'Helvetica Neue', sans-serif;\">jurisdicci\u00f3n ordinaria cumpliendo con las normas sobre jurisdicci\u00f3n y competencia al respecto. MORELL IMPRESSORS SL tiene su domicilio en BARCELONA, Espa\u00f1a.<\/span><span class=\"Apple-converted-space\" style=\"font-style: inherit; font-weight: inherit; background-color: var(--ast-global-color-5); color: var(--ast-global-color-3); font-family: -apple-system, BlinkMacSystemFont, 'Segoe UI', Roboto, Oxygen-Sans, Ubuntu, Cantarell, 'Helvetica Neue', sans-serif;\">\u00a0<\/span><\/p>\n<p class=\"p2\">Los contratos celebrados por v\u00eda electr\u00f3nica en los que intervenga como parte un consumidor se presumir\u00e1n celebrados en el lugar en que \u00e9ste tenga su residencia habitual.<span class=\"Apple-converted-space\">\u00a0<\/span><\/p>\n<p class=\"p2\">Los contratos electr\u00f3nicos entre empresarios o profesionales, en defecto de pacto entre las partes, se presumir\u00e1n celebrados en el lugar en que est\u00e9 establecido el prestador de servicios.<span class=\"Apple-converted-space\">\u00a0<\/span><\/p>\n<p class=\"p2\">Resoluci\u00f3n de litigios en l\u00ednea conforme al Art. 14.1 del Reglamento (UE) 524\/2013: La Comisi\u00f3n Europea facilita una plataforma de resoluci\u00f3n de litigios en l\u00ednea, la cual se encuentra disponible en el siguiente enlace<i>: <\/i><span class=\"s4\">https:\/\/ec.europa.eu\/consumers\/odr\/<span class=\"Apple-converted-space\">\u00a0<\/span><\/span><\/p>\n<p class=\"p6\"><b>\u00daLTIMA ACTUALIZACI\u00d3N: 25 de enero de 2022<span class=\"Apple-converted-space\">\u00a0<\/span><\/b><\/p>\t\t\t\t\t\t<\/div>\n\t\t\t\t<\/div>\n\t\t\t\t\t<\/div>\n\t\t<\/div>\n\t\t\t\t\t<\/div>\n\t\t<\/section>\n\t\t\t\t<\/div>","protected":false},"excerpt":{"rendered":"<p>Av\u00edso Legal INTRODUCCI\u00d3N&nbsp; En cumplimiento de la Ley 34\/2002, de 11 de julio, de Servicios de la Sociedad de la Informaci\u00f3n y de Comercio Electr\u00f3nico (LSSI-CE), MORELL IMPRESSORS SL informa que es titular del sitio web. De acuerdo con la exigencia del art\u00edculo 10 de la citada Ley, MORELL IMPRESSORS SL informa de los siguientes [&hellip;]<\/p>","protected":false},"author":1,"featured_media":0,"parent":0,"menu_order":0,"comment_status":"closed","ping_status":"closed","template":"","meta":{"site-sidebar-layout":"default","site-content-layout":"","ast-site-content-layout":"","site-content-style":"default","site-sidebar-style":"default","ast-global-header-display":"","ast-banner-title-visibility":"","ast-main-header-display":"","ast-hfb-above-header-display":"","ast-hfb-below-header-display":"","ast-hfb-mobile-header-display":"","site-post-title":"disabled","ast-breadcrumbs-content":"","ast-featured-img":"","footer-sml-layout":"","theme-transparent-header-meta":"","adv-header-id-meta":"","stick-header-meta":"","header-above-stick-meta":"","header-main-stick-meta":"","header-below-stick-meta":"","astra-migrate-meta-layouts":"default","ast-page-background-enabled":"default","ast-page-background-meta":{"desktop":{"background-color":"var(--ast-global-color-4)","background-image":"","background-repeat":"repeat","background-position":"center center","background-size":"auto","background-attachment":"scroll","background-type":"","background-media":"","overlay-type":"","overlay-color":"","overlay-opacity":"","overlay-gradient":""},"tablet":{"background-color":"","background-image":"","background-repeat":"repeat","background-position":"center center","background-size":"auto","background-attachment":"scroll","background-type":"","background-media":"","overlay-type":"","overlay-color":"","overlay-opacity":"","overlay-gradient":""},"mobile":{"background-color":"","background-image":"","background-repeat":"repeat","background-position":"center center","background-size":"auto","background-attachment":"scroll","background-type":"","background-media":"","overlay-type":"","overlay-color":"","overlay-opacity":"","overlay-gradient":""}},"ast-content-background-meta":{"desktop":{"background-color":"var(--ast-global-color-5)","background-image":"","background-repeat":"repeat","background-position":"center center","background-size":"auto","background-attachment":"scroll","background-type":"","background-media":"","overlay-type":"","overlay-color":"","overlay-opacity":"","overlay-gradient":""},"tablet":{"background-color":"var(--ast-global-color-5)","background-image":"","background-repeat":"repeat","background-position":"center center","background-size":"auto","background-attachment":"scroll","background-type":"","background-media":"","overlay-type":"","overlay-color":"","overlay-opacity":"","overlay-gradient":""},"mobile":{"background-color":"var(--ast-global-color-5)","background-image":"","background-repeat":"repeat","background-position":"center center","background-size":"auto","background-attachment":"scroll","background-type":"","background-media":"","overlay-type":"","overlay-color":"","overlay-opacity":"","overlay-gradient":""}},"footnotes":""},"class_list":["post-214","page","type-page","status-publish","hentry"],"yoast_head":"<!-- This site is optimized with the Yoast SEO plugin v22.9 - https:\/\/yoast.com\/wordpress\/plugins\/seo\/ -->\n<title>Legal - Morell Impressors<\/title>\n<meta name=\"robots\" content=\"index, follow, max-snippet:-1, max-image-preview:large, max-video-preview:-1\" \/>\n<link rel=\"canonical\" href=\"https:\/\/morellimpressors.com\/es\/legal\/\" \/>\n<meta property=\"og:locale\" content=\"es_ES\" \/>\n<meta property=\"og:type\" content=\"article\" \/>\n<meta property=\"og:title\" content=\"Legal - Morell Impressors\" \/>\n<meta property=\"og:description\" content=\"Av\u00edso Legal INTRODUCCI\u00d3N&nbsp; En cumplimiento de la Ley 34\/2002, de 11 de julio, de Servicios de la Sociedad de la Informaci\u00f3n y de Comercio Electr\u00f3nico (LSSI-CE), MORELL IMPRESSORS SL informa que es titular del sitio web. De acuerdo con la exigencia del art\u00edculo 10 de la citada Ley, MORELL IMPRESSORS SL informa de los siguientes [&hellip;]\" \/>\n<meta property=\"og:url\" content=\"https:\/\/morellimpressors.com\/es\/legal\/\" \/>\n<meta property=\"og:site_name\" content=\"Morell Impressors\" \/>\n<meta property=\"article:modified_time\" content=\"2023-04-15T21:09:19+00:00\" \/>\n<meta name=\"twitter:card\" content=\"summary_large_image\" \/>\n<meta name=\"twitter:label1\" content=\"Tiempo de lectura\" \/>\n\t<meta name=\"twitter:data1\" content=\"6 minutos\" \/>\n<script type=\"application\/ld+json\" class=\"yoast-schema-graph\">{\"@context\":\"https:\/\/schema.org\",\"@graph\":[{\"@type\":\"WebPage\",\"@id\":\"https:\/\/morellimpressors.com\/legal\/\",\"url\":\"https:\/\/morellimpressors.com\/legal\/\",\"name\":\"Legal - Morell Impressors\",\"isPartOf\":{\"@id\":\"https:\/\/morellimpressors.com\/#website\"},\"datePublished\":\"2023-03-24T15:47:03+00:00\",\"dateModified\":\"2023-04-15T21:09:19+00:00\",\"breadcrumb\":{\"@id\":\"https:\/\/morellimpressors.com\/legal\/#breadcrumb\"},\"inLanguage\":\"es\",\"potentialAction\":[{\"@type\":\"ReadAction\",\"target\":[\"https:\/\/morellimpressors.com\/legal\/\"]}]},{\"@type\":\"BreadcrumbList\",\"@id\":\"https:\/\/morellimpressors.com\/legal\/#breadcrumb\",\"itemListElement\":[{\"@type\":\"ListItem\",\"position\":1,\"name\":\"Portada\",\"item\":\"https:\/\/morellimpressors.com\/\"},{\"@type\":\"ListItem\",\"position\":2,\"name\":\"Legal\"}]},{\"@type\":\"WebSite\",\"@id\":\"https:\/\/morellimpressors.com\/#website\",\"url\":\"https:\/\/morellimpressors.com\/\",\"name\":\"Morell Impressors\",\"description\":\"Otro sitio realizado con WordPress\",\"publisher\":{\"@id\":\"https:\/\/morellimpressors.com\/#organization\"},\"potentialAction\":[{\"@type\":\"SearchAction\",\"target\":{\"@type\":\"EntryPoint\",\"urlTemplate\":\"https:\/\/morellimpressors.com\/?s={search_term_string}\"},\"query-input\":\"required name=search_term_string\"}],\"inLanguage\":\"es\"},{\"@type\":\"Organization\",\"@id\":\"https:\/\/morellimpressors.com\/#organization\",\"name\":\"Morell Impressors\",\"url\":\"https:\/\/morellimpressors.com\/\",\"logo\":{\"@type\":\"ImageObject\",\"inLanguage\":\"es\",\"@id\":\"https:\/\/morellimpressors.com\/#\/schema\/logo\/image\/\",\"url\":\"https:\/\/morellimpressors.com\/wp-content\/uploads\/2023\/04\/Unknown-4.png\",\"contentUrl\":\"https:\/\/morellimpressors.com\/wp-content\/uploads\/2023\/04\/Unknown-4.png\",\"width\":567,\"height\":567,\"caption\":\"Morell Impressors\"},\"image\":{\"@id\":\"https:\/\/morellimpressors.com\/#\/schema\/logo\/image\/\"}}]}<\/script>\n<!-- \/ Yoast SEO plugin. -->","yoast_head_json":{"title":"Legal - Morell Impressors","robots":{"index":"index","follow":"follow","max-snippet":"max-snippet:-1","max-image-preview":"max-image-preview:large","max-video-preview":"max-video-preview:-1"},"canonical":"https:\/\/morellimpressors.com\/es\/legal\/","og_locale":"es_ES","og_type":"article","og_title":"Legal - Morell Impressors","og_description":"Av\u00edso Legal INTRODUCCI\u00d3N&nbsp; En cumplimiento de la Ley 34\/2002, de 11 de julio, de Servicios de la Sociedad de la Informaci\u00f3n y de Comercio Electr\u00f3nico (LSSI-CE), MORELL IMPRESSORS SL informa que es titular del sitio web. De acuerdo con la exigencia del art\u00edculo 10 de la citada Ley, MORELL IMPRESSORS SL informa de los siguientes [&hellip;]","og_url":"https:\/\/morellimpressors.com\/es\/legal\/","og_site_name":"Morell Impressors","article_modified_time":"2023-04-15T21:09:19+00:00","twitter_card":"summary_large_image","twitter_misc":{"Tiempo de lectura":"6 minutos"},"schema":{"@context":"https:\/\/schema.org","@graph":[{"@type":"WebPage","@id":"https:\/\/morellimpressors.com\/legal\/","url":"https:\/\/morellimpressors.com\/legal\/","name":"Legal - Morell Impressors","isPartOf":{"@id":"https:\/\/morellimpressors.com\/#website"},"datePublished":"2023-03-24T15:47:03+00:00","dateModified":"2023-04-15T21:09:19+00:00","breadcrumb":{"@id":"https:\/\/morellimpressors.com\/legal\/#breadcrumb"},"inLanguage":"es","potentialAction":[{"@type":"ReadAction","target":["https:\/\/morellimpressors.com\/legal\/"]}]},{"@type":"BreadcrumbList","@id":"https:\/\/morellimpressors.com\/legal\/#breadcrumb","itemListElement":[{"@type":"ListItem","position":1,"name":"Portada","item":"https:\/\/morellimpressors.com\/"},{"@type":"ListItem","position":2,"name":"Legal"}]},{"@type":"WebSite","@id":"https:\/\/morellimpressors.com\/#website","url":"https:\/\/morellimpressors.com\/","name":"Morell Impressors","description":"Otro sitio realizado con WordPress","publisher":{"@id":"https:\/\/morellimpressors.com\/#organization"},"potentialAction":[{"@type":"SearchAction","target":{"@type":"EntryPoint","urlTemplate":"https:\/\/morellimpressors.com\/?s={search_term_string}"},"query-input":"required name=search_term_string"}],"inLanguage":"es"},{"@type":"Organization","@id":"https:\/\/morellimpressors.com\/#organization","name":"Morell Impressors","url":"https:\/\/morellimpressors.com\/","logo":{"@type":"ImageObject","inLanguage":"es","@id":"https:\/\/morellimpressors.com\/#\/schema\/logo\/image\/","url":"https:\/\/morellimpressors.com\/wp-content\/uploads\/2023\/04\/Unknown-4.png","contentUrl":"https:\/\/morellimpressors.com\/wp-content\/uploads\/2023\/04\/Unknown-4.png","width":567,"height":567,"caption":"Morell Impressors"},"image":{"@id":"https:\/\/morellimpressors.com\/#\/schema\/logo\/image\/"}}]}},"_links":{"self":[{"href":"https:\/\/morellimpressors.com\/es\/wp-json\/wp\/v2\/pages\/214","targetHints":{"allow":["GET"]}}],"collection":[{"href":"https:\/\/morellimpressors.com\/es\/wp-json\/wp\/v2\/pages"}],"about":[{"href":"https:\/\/morellimpressors.com\/es\/wp-json\/wp\/v2\/types\/page"}],"author":[{"embeddable":true,"href":"https:\/\/morellimpressors.com\/es\/wp-json\/wp\/v2\/users\/1"}],"replies":[{"embeddable":true,"href":"https:\/\/morellimpressors.com\/es\/wp-json\/wp\/v2\/comments?post=214"}],"version-history":[{"count":10,"href":"https:\/\/morellimpressors.com\/es\/wp-json\/wp\/v2\/pages\/214\/revisions"}],"predecessor-version":[{"id":375,"href":"https:\/\/morellimpressors.com\/es\/wp-json\/wp\/v2\/pages\/214\/revisions\/375"}],"wp:attachment":[{"href":"https:\/\/morellimpressors.com\/es\/wp-json\/wp\/v2\/media?parent=214"}],"curies":[{"name":"wp","href":"https:\/\/api.w.org\/{rel}","templated":true}]}}