{"id":203,"date":"2023-03-24T15:11:34","date_gmt":"2023-03-24T15:11:34","guid":{"rendered":"https:\/\/morell.totmedia.net\/?page_id=203"},"modified":"2023-04-27T20:26:12","modified_gmt":"2023-04-27T20:26:12","slug":"contacte","status":"publish","type":"page","link":"https:\/\/morellimpressors.com\/es\/contacte\/","title":{"rendered":"Contacto"},"content":{"rendered":"<div data-elementor-type=\"wp-page\" data-elementor-id=\"203\" class=\"elementor elementor-203\">\n\t\t\t\t\t\t<section class=\"elementor-section elementor-top-section elementor-element elementor-element-47d29b9 elementor-section-content-bottom elementor-section-height-min-height elementor-section-items-bottom elementor-section-boxed elementor-section-height-default\" data-id=\"47d29b9\" data-element_type=\"section\" data-settings=\"{&quot;background_background&quot;:&quot;classic&quot;}\">\n\t\t\t\t\t\t\t<div class=\"elementor-background-overlay\"><\/div>\n\t\t\t\t\t\t\t<div class=\"elementor-container elementor-column-gap-default\">\n\t\t\t\t\t<div class=\"elementor-column elementor-col-100 elementor-top-column elementor-element elementor-element-93d4e55\" data-id=\"93d4e55\" data-element_type=\"column\">\n\t\t\t<div class=\"elementor-widget-wrap elementor-element-populated\">\n\t\t\t\t\t\t\t<\/div>\n\t\t<\/div>\n\t\t\t\t\t<\/div>\n\t\t<\/section>\n\t\t\t\t<section class=\"elementor-section elementor-top-section elementor-element elementor-element-f52d8ff elementor-section-boxed elementor-section-height-default elementor-section-height-default\" data-id=\"f52d8ff\" data-element_type=\"section\">\n\t\t\t\t\t\t<div class=\"elementor-container elementor-column-gap-default\">\n\t\t\t\t\t<div class=\"elementor-column elementor-col-33 elementor-top-column elementor-element elementor-element-7268fbe\" data-id=\"7268fbe\" data-element_type=\"column\" data-settings=\"{&quot;background_background&quot;:&quot;classic&quot;}\">\n\t\t\t<div class=\"elementor-widget-wrap elementor-element-populated\">\n\t\t\t\t\t\t<div class=\"elementor-element elementor-element-7597422 elementor-widget elementor-widget-shortcode\" data-id=\"7597422\" data-element_type=\"widget\" data-widget_type=\"shortcode.default\">\n\t\t\t\t<div class=\"elementor-widget-container\">\n\t\t\t\t\t<div class=\"elementor-shortcode\">\n<div class=\"wpcf7 no-js\" id=\"wpcf7-f19-o1\" lang=\"es-ES\" dir=\"ltr\">\n<div class=\"screen-reader-response\"><p role=\"status\" aria-live=\"polite\" aria-atomic=\"true\"><\/p> <ul><\/ul><\/div>\n<form action=\"\/es\/wp-json\/wp\/v2\/pages\/203#wpcf7-f19-o1\" method=\"post\" class=\"wpcf7-form init\" aria-label=\"Formulario de contacto\" novalidate=\"novalidate\" data-status=\"init\" data-trp-original-action=\"\/es\/wp-json\/wp\/v2\/pages\/203#wpcf7-f19-o1\">\n<div style=\"display: none;\">\n<input type=\"hidden\" name=\"_wpcf7\" value=\"19\" \/>\n<input type=\"hidden\" name=\"_wpcf7_version\" value=\"5.9.6\" \/>\n<input type=\"hidden\" name=\"_wpcf7_locale\" value=\"es_ES\" \/>\n<input type=\"hidden\" name=\"_wpcf7_unit_tag\" value=\"wpcf7-f19-o1\" \/>\n<input type=\"hidden\" name=\"_wpcf7_container_post\" value=\"0\" \/>\n<input type=\"hidden\" name=\"_wpcf7_posted_data_hash\" value=\"\" \/>\n<\/div>\n<p><label> <b>NOMBRE \/ EMPRESA<\/b><br \/>\n<span class=\"wpcf7-form-control-wrap\" data-name=\"your-name\"><input size=\"40\" maxlength=\"80\" class=\"wpcf7-form-control wpcf7-text wpcf7-validates-as-required\" autocomplete=\"name\" aria-required=\"true\" aria-invalid=\"false\" value=\"\" type=\"text\" name=\"your-name\" \/><\/span> <\/label>\n<\/p>\n<p><label> <b>EMAIL<\/b><br \/>\n<span class=\"wpcf7-form-control-wrap\" data-name=\"your-email\"><input size=\"40\" maxlength=\"80\" class=\"wpcf7-form-control wpcf7-email wpcf7-validates-as-required wpcf7-text wpcf7-validates-as-email\" autocomplete=\"email\" aria-required=\"true\" aria-invalid=\"false\" value=\"\" type=\"email\" name=\"your-email\" \/><\/span> <\/label>\n<\/p>\n<p><label> <b>TEL\u00c9FONO<\/b><br \/>\n<span class=\"wpcf7-form-control-wrap\" data-name=\"tel-855\"><input size=\"40\" maxlength=\"80\" class=\"wpcf7-form-control wpcf7-tel wpcf7-text wpcf7-validates-as-tel\" aria-invalid=\"false\" value=\"\" type=\"tel\" name=\"tel-855\" \/><\/span> <\/label>\n<\/p>\n<p><label> <b>MOTIVO DEL CONTACTO<\/b><br \/>\n<span class=\"wpcf7-form-control-wrap\" data-name=\"your-subject\"><input size=\"40\" maxlength=\"80\" class=\"wpcf7-form-control wpcf7-text wpcf7-validates-as-required\" aria-required=\"true\" aria-invalid=\"false\" value=\"\" type=\"text\" name=\"your-subject\" \/><\/span> <\/label>\n<\/p>\n<p><label> <b>ASUNTO<\/b><br \/>\n<span class=\"wpcf7-form-control-wrap\" data-name=\"your-message\"><textarea cols=\"40\" rows=\"10\" maxlength=\"400\" class=\"wpcf7-form-control wpcf7-textarea\" aria-invalid=\"false\" name=\"your-message\"><\/textarea><\/span> <\/label>\n<\/p>\n<p><input class=\"wpcf7-form-control wpcf7-submit has-spinner\" type=\"submit\" value=\"ENVIAR\" \/>\n<\/p><div class=\"wpcf7-response-output\" aria-hidden=\"true\"><\/div>\n<input type=\"hidden\" name=\"trp-form-language\" value=\"es\"\/><\/form>\n<\/div>\n<\/div>\n\t\t\t\t<\/div>\n\t\t\t\t<\/div>\n\t\t\t\t\t<\/div>\n\t\t<\/div>\n\t\t\t\t<div class=\"elementor-column elementor-col-33 elementor-top-column elementor-element elementor-element-43d67e8\" data-id=\"43d67e8\" data-element_type=\"column\">\n\t\t\t<div class=\"elementor-widget-wrap\">\n\t\t\t\t\t\t\t<\/div>\n\t\t<\/div>\n\t\t\t\t<div class=\"elementor-column elementor-col-33 elementor-top-column elementor-element elementor-element-1ce9e6a\" data-id=\"1ce9e6a\" data-element_type=\"column\">\n\t\t\t<div class=\"elementor-widget-wrap elementor-element-populated\">\n\t\t\t\t\t\t<div class=\"elementor-element elementor-element-264162f elementor-widget elementor-widget-heading\" data-id=\"264162f\" data-element_type=\"widget\" data-widget_type=\"heading.default\">\n\t\t\t\t<div class=\"elementor-widget-container\">\n\t\t\t<h3 class=\"elementor-heading-title elementor-size-default\">Morell Impressors<\/h3>\t\t<\/div>\n\t\t\t\t<\/div>\n\t\t\t\t<div class=\"elementor-element elementor-element-cc6fdfe elementor-widget elementor-widget-text-editor\" data-id=\"cc6fdfe\" data-element_type=\"widget\" data-widget_type=\"text-editor.default\">\n\t\t\t\t<div class=\"elementor-widget-container\">\n\t\t\t\t\t\t\t<p>Dades de contacte<\/p>\t\t\t\t\t\t<\/div>\n\t\t\t\t<\/div>\n\t\t\t\t<div class=\"elementor-element elementor-element-b9fdaea elementor-widget elementor-widget-text-editor\" data-id=\"b9fdaea\" data-element_type=\"widget\" data-widget_type=\"text-editor.default\">\n\t\t\t\t<div class=\"elementor-widget-container\">\n\t\t\t\t\t\t\t<p>Carrer de Joan Pere Fontanella, 19<br \/>08401 Granollers, Barcelona<\/p><h3><a href=\"https:\/\/www.google.com\/search?q=morell+impressors&amp;rlz=1C5CHFA_enES911ES911&amp;oq=morell+impressors&amp;aqs=chrome.0.0i355i512j46i175i199i512j69i60l3.2895j0j7&amp;sourceid=chrome&amp;ie=UTF-8#\" data-dtype=\"d3ph\" data-local-attribute=\"d3ph\" data-ved=\"2ahUKEwjSztu9rcj-AhX0xwIHHaQMAYAQkAgoAHoECDoQAw\"><span aria-label=\"Llamar al n\u00famero de tel\u00e9fono 938 79 66 99\">T. 938 79 66 99<\/span><\/a><\/h3>\t\t\t\t\t\t<\/div>\n\t\t\t\t<\/div>\n\t\t\t\t<div class=\"elementor-element elementor-element-8bbbc82 elementor-widget elementor-widget-google_maps\" data-id=\"8bbbc82\" data-element_type=\"widget\" data-widget_type=\"google_maps.default\">\n\t\t\t\t<div class=\"elementor-widget-container\">\n\t\t\t\t\t<div class=\"elementor-custom-embed\">\n\t\t\t<iframe loading=\"lazy\"\n\t\t\t\t\tsrc=\"https:\/\/maps.google.com\/maps?q=morell%20impressors&#038;t=m&#038;z=15&#038;output=embed&#038;iwloc=near\"\n\t\t\t\t\ttitle=\"morell impressors\"\n\t\t\t\t\taria-label=\"morell impressors\"\n\t\t\t><\/iframe>\n\t\t<\/div>\n\t\t\t\t<\/div>\n\t\t\t\t<\/div>\n\t\t\t\t\t<\/div>\n\t\t<\/div>\n\t\t\t\t\t<\/div>\n\t\t<\/section>\n\t\t\t\t<\/div>","protected":false},"excerpt":{"rendered":"<p>Morell Impressors Dades de contacte Carrer de Joan Pere Fontanella, 19 08401 Granollers, Barcelona T. 938 79 66 99<\/p>","protected":false},"author":1,"featured_media":0,"parent":0,"menu_order":0,"comment_status":"closed","ping_status":"closed","template":"","meta":{"site-sidebar-layout":"no-sidebar","site-content-layout":"page-builder","ast-site-content-layout":"","site-content-style":"default","site-sidebar-style":"default","ast-global-header-display":"","ast-banner-title-visibility":"","ast-main-header-display":"","ast-hfb-above-header-display":"","ast-hfb-below-header-display":"","ast-hfb-mobile-header-display":"","site-post-title":"disabled","ast-breadcrumbs-content":"","ast-featured-img":"disabled","footer-sml-layout":"","theme-transparent-header-meta":"","adv-header-id-meta":"","stick-header-meta":"","header-above-stick-meta":"","header-main-stick-meta":"","header-below-stick-meta":"","astra-migrate-meta-layouts":"default","ast-page-background-enabled":"default","ast-page-background-meta":{"desktop":{"background-color":"var(--ast-global-color-4)","background-image":"","background-repeat":"repeat","background-position":"center center","background-size":"auto","background-attachment":"scroll","background-type":"","background-media":"","overlay-type":"","overlay-color":"","overlay-opacity":"","overlay-gradient":""},"tablet":{"background-color":"","background-image":"","background-repeat":"repeat","background-position":"center center","background-size":"auto","background-attachment":"scroll","background-type":"","background-media":"","overlay-type":"","overlay-color":"","overlay-opacity":"","overlay-gradient":""},"mobile":{"background-color":"","background-image":"","background-repeat":"repeat","background-position":"center center","background-size":"auto","background-attachment":"scroll","background-type":"","background-media":"","overlay-type":"","overlay-color":"","overlay-opacity":"","overlay-gradient":""}},"ast-content-background-meta":{"desktop":{"background-color":"var(--ast-global-color-5)","background-image":"","background-repeat":"repeat","background-position":"center center","background-size":"auto","background-attachment":"scroll","background-type":"","background-media":"","overlay-type":"","overlay-color":"","overlay-opacity":"","overlay-gradient":""},"tablet":{"background-color":"var(--ast-global-color-5)","background-image":"","background-repeat":"repeat","background-position":"center center","background-size":"auto","background-attachment":"scroll","background-type":"","background-media":"","overlay-type":"","overlay-color":"","overlay-opacity":"","overlay-gradient":""},"mobile":{"background-color":"var(--ast-global-color-5)","background-image":"","background-repeat":"repeat","background-position":"center center","background-size":"auto","background-attachment":"scroll","background-type":"","background-media":"","overlay-type":"","overlay-color":"","overlay-opacity":"","overlay-gradient":""}},"footnotes":""},"class_list":["post-203","page","type-page","status-publish","hentry"],"yoast_head":"<!-- This site is optimized with the Yoast SEO plugin v22.9 - https:\/\/yoast.com\/wordpress\/plugins\/seo\/ -->\n<title>Contactar Morell Impressors<\/title>\n<meta name=\"description\" content=\"Som la 3a generaci\u00f3 d\u2019una fam\u00edlia d\u2019impressors, \u00e9s per aquest motiu, que sentim i vivim la nostra professi\u00f3 amb passi\u00f3 i dedicaci\u00f3.\" \/>\n<meta name=\"robots\" content=\"index, follow, max-snippet:-1, max-image-preview:large, max-video-preview:-1\" \/>\n<link rel=\"canonical\" href=\"https:\/\/morellimpressors.com\/es\/contacte\/\" \/>\n<meta property=\"og:locale\" content=\"es_ES\" \/>\n<meta property=\"og:type\" content=\"article\" \/>\n<meta property=\"og:title\" content=\"Contactar Morell Impressors\" \/>\n<meta property=\"og:description\" content=\"Som la 3a generaci\u00f3 d\u2019una fam\u00edlia d\u2019impressors, \u00e9s per aquest motiu, que sentim i vivim la nostra professi\u00f3 amb passi\u00f3 i dedicaci\u00f3.\" \/>\n<meta property=\"og:url\" content=\"https:\/\/morellimpressors.com\/es\/contacte\/\" \/>\n<meta property=\"og:site_name\" content=\"Morell Impressors\" \/>\n<meta property=\"article:modified_time\" content=\"2023-04-27T20:26:12+00:00\" \/>\n<meta name=\"twitter:card\" content=\"summary_large_image\" \/>\n<meta name=\"twitter:label1\" content=\"Tiempo de lectura\" \/>\n\t<meta name=\"twitter:data1\" content=\"1 minuto\" \/>\n<script type=\"application\/ld+json\" class=\"yoast-schema-graph\">{\"@context\":\"https:\/\/schema.org\",\"@graph\":[{\"@type\":\"WebPage\",\"@id\":\"https:\/\/morellimpressors.com\/contacte\/\",\"url\":\"https:\/\/morellimpressors.com\/contacte\/\",\"name\":\"Contactar Morell Impressors\",\"isPartOf\":{\"@id\":\"https:\/\/morellimpressors.com\/#website\"},\"datePublished\":\"2023-03-24T15:11:34+00:00\",\"dateModified\":\"2023-04-27T20:26:12+00:00\",\"description\":\"Som la 3a generaci\u00f3 d\u2019una fam\u00edlia d\u2019impressors, \u00e9s per aquest motiu, que sentim i vivim la nostra professi\u00f3 amb passi\u00f3 i dedicaci\u00f3.\",\"breadcrumb\":{\"@id\":\"https:\/\/morellimpressors.com\/contacte\/#breadcrumb\"},\"inLanguage\":\"es\",\"potentialAction\":[{\"@type\":\"ReadAction\",\"target\":[\"https:\/\/morellimpressors.com\/contacte\/\"]}]},{\"@type\":\"BreadcrumbList\",\"@id\":\"https:\/\/morellimpressors.com\/contacte\/#breadcrumb\",\"itemListElement\":[{\"@type\":\"ListItem\",\"position\":1,\"name\":\"Portada\",\"item\":\"https:\/\/morellimpressors.com\/\"},{\"@type\":\"ListItem\",\"position\":2,\"name\":\"Contacte\"}]},{\"@type\":\"WebSite\",\"@id\":\"https:\/\/morellimpressors.com\/#website\",\"url\":\"https:\/\/morellimpressors.com\/\",\"name\":\"Morell Impressors\",\"description\":\"Otro sitio realizado con WordPress\",\"publisher\":{\"@id\":\"https:\/\/morellimpressors.com\/#organization\"},\"potentialAction\":[{\"@type\":\"SearchAction\",\"target\":{\"@type\":\"EntryPoint\",\"urlTemplate\":\"https:\/\/morellimpressors.com\/?s={search_term_string}\"},\"query-input\":\"required name=search_term_string\"}],\"inLanguage\":\"es\"},{\"@type\":\"Organization\",\"@id\":\"https:\/\/morellimpressors.com\/#organization\",\"name\":\"Morell Impressors\",\"url\":\"https:\/\/morellimpressors.com\/\",\"logo\":{\"@type\":\"ImageObject\",\"inLanguage\":\"es\",\"@id\":\"https:\/\/morellimpressors.com\/#\/schema\/logo\/image\/\",\"url\":\"https:\/\/morellimpressors.com\/wp-content\/uploads\/2023\/04\/Unknown-4.png\",\"contentUrl\":\"https:\/\/morellimpressors.com\/wp-content\/uploads\/2023\/04\/Unknown-4.png\",\"width\":567,\"height\":567,\"caption\":\"Morell Impressors\"},\"image\":{\"@id\":\"https:\/\/morellimpressors.com\/#\/schema\/logo\/image\/\"}}]}<\/script>\n<!-- \/ Yoast SEO plugin. -->","yoast_head_json":{"title":"Contactar Morell Impressors","description":"Som la 3a generaci\u00f3 d\u2019una fam\u00edlia d\u2019impressors, \u00e9s per aquest motiu, que sentim i vivim la nostra professi\u00f3 amb passi\u00f3 i dedicaci\u00f3.","robots":{"index":"index","follow":"follow","max-snippet":"max-snippet:-1","max-image-preview":"max-image-preview:large","max-video-preview":"max-video-preview:-1"},"canonical":"https:\/\/morellimpressors.com\/es\/contacte\/","og_locale":"es_ES","og_type":"article","og_title":"Contactar Morell Impressors","og_description":"Som la 3a generaci\u00f3 d\u2019una fam\u00edlia d\u2019impressors, \u00e9s per aquest motiu, que sentim i vivim la nostra professi\u00f3 amb passi\u00f3 i dedicaci\u00f3.","og_url":"https:\/\/morellimpressors.com\/es\/contacte\/","og_site_name":"Morell Impressors","article_modified_time":"2023-04-27T20:26:12+00:00","twitter_card":"summary_large_image","twitter_misc":{"Tiempo de lectura":"1 minuto"},"schema":{"@context":"https:\/\/schema.org","@graph":[{"@type":"WebPage","@id":"https:\/\/morellimpressors.com\/contacte\/","url":"https:\/\/morellimpressors.com\/contacte\/","name":"Contactar Morell Impressors","isPartOf":{"@id":"https:\/\/morellimpressors.com\/#website"},"datePublished":"2023-03-24T15:11:34+00:00","dateModified":"2023-04-27T20:26:12+00:00","description":"Som la 3a generaci\u00f3 d\u2019una fam\u00edlia d\u2019impressors, \u00e9s per aquest motiu, que sentim i vivim la nostra professi\u00f3 amb passi\u00f3 i dedicaci\u00f3.","breadcrumb":{"@id":"https:\/\/morellimpressors.com\/contacte\/#breadcrumb"},"inLanguage":"es","potentialAction":[{"@type":"ReadAction","target":["https:\/\/morellimpressors.com\/contacte\/"]}]},{"@type":"BreadcrumbList","@id":"https:\/\/morellimpressors.com\/contacte\/#breadcrumb","itemListElement":[{"@type":"ListItem","position":1,"name":"Portada","item":"https:\/\/morellimpressors.com\/"},{"@type":"ListItem","position":2,"name":"Contacte"}]},{"@type":"WebSite","@id":"https:\/\/morellimpressors.com\/#website","url":"https:\/\/morellimpressors.com\/","name":"Morell Impressors","description":"Otro sitio realizado con WordPress","publisher":{"@id":"https:\/\/morellimpressors.com\/#organization"},"potentialAction":[{"@type":"SearchAction","target":{"@type":"EntryPoint","urlTemplate":"https:\/\/morellimpressors.com\/?s={search_term_string}"},"query-input":"required name=search_term_string"}],"inLanguage":"es"},{"@type":"Organization","@id":"https:\/\/morellimpressors.com\/#organization","name":"Morell Impressors","url":"https:\/\/morellimpressors.com\/","logo":{"@type":"ImageObject","inLanguage":"es","@id":"https:\/\/morellimpressors.com\/#\/schema\/logo\/image\/","url":"https:\/\/morellimpressors.com\/wp-content\/uploads\/2023\/04\/Unknown-4.png","contentUrl":"https:\/\/morellimpressors.com\/wp-content\/uploads\/2023\/04\/Unknown-4.png","width":567,"height":567,"caption":"Morell Impressors"},"image":{"@id":"https:\/\/morellimpressors.com\/#\/schema\/logo\/image\/"}}]}},"_links":{"self":[{"href":"https:\/\/morellimpressors.com\/es\/wp-json\/wp\/v2\/pages\/203","targetHints":{"allow":["GET"]}}],"collection":[{"href":"https:\/\/morellimpressors.com\/es\/wp-json\/wp\/v2\/pages"}],"about":[{"href":"https:\/\/morellimpressors.com\/es\/wp-json\/wp\/v2\/types\/page"}],"author":[{"embeddable":true,"href":"https:\/\/morellimpressors.com\/es\/wp-json\/wp\/v2\/users\/1"}],"replies":[{"embeddable":true,"href":"https:\/\/morellimpressors.com\/es\/wp-json\/wp\/v2\/comments?post=203"}],"version-history":[{"count":20,"href":"https:\/\/morellimpressors.com\/es\/wp-json\/wp\/v2\/pages\/203\/revisions"}],"predecessor-version":[{"id":853,"href":"https:\/\/morellimpressors.com\/es\/wp-json\/wp\/v2\/pages\/203\/revisions\/853"}],"wp:attachment":[{"href":"https:\/\/morellimpressors.com\/es\/wp-json\/wp\/v2\/media?parent=203"}],"curies":[{"name":"wp","href":"https:\/\/api.w.org\/{rel}","templated":true}]}}