{"id":197,"date":"2023-03-24T15:10:20","date_gmt":"2023-03-24T15:10:20","guid":{"rendered":"https:\/\/morell.totmedia.net\/?page_id=197"},"modified":"2023-04-27T20:27:34","modified_gmt":"2023-04-27T20:27:34","slug":"qui-som","status":"publish","type":"page","link":"https:\/\/morellimpressors.com\/es\/qui-som\/","title":{"rendered":"Qui\u00e9nes somos"},"content":{"rendered":"<div data-elementor-type=\"wp-page\" data-elementor-id=\"197\" class=\"elementor elementor-197\">\n\t\t\t\t\t\t<section class=\"elementor-section elementor-top-section elementor-element elementor-element-fc20589 elementor-section-content-bottom elementor-section-height-min-height elementor-section-items-bottom elementor-section-boxed elementor-section-height-default\" data-id=\"fc20589\" data-element_type=\"section\" data-settings=\"{&quot;background_background&quot;:&quot;classic&quot;}\">\n\t\t\t\t\t\t\t<div class=\"elementor-background-overlay\"><\/div>\n\t\t\t\t\t\t\t<div class=\"elementor-container elementor-column-gap-default\">\n\t\t\t\t\t<div class=\"elementor-column elementor-col-100 elementor-top-column elementor-element elementor-element-4add8ab\" data-id=\"4add8ab\" data-element_type=\"column\">\n\t\t\t<div class=\"elementor-widget-wrap elementor-element-populated\">\n\t\t\t\t\t\t<div class=\"elementor-element elementor-element-85e1f66 elementor-hidden-mobile elementor-widget elementor-widget-heading\" data-id=\"85e1f66\" data-element_type=\"widget\" data-widget_type=\"heading.default\">\n\t\t\t\t<div class=\"elementor-widget-container\">\n\t\t\t<h2 class=\"elementor-heading-title elementor-size-default\"><br><br><br><strong>lo<br>imprimimos<br>todo y bien.<\/strong><\/h2>\t\t<\/div>\n\t\t\t\t<\/div>\n\t\t\t\t<div class=\"elementor-element elementor-element-0214679 elementor-widget elementor-widget-heading\" data-id=\"0214679\" data-element_type=\"widget\" data-widget_type=\"heading.default\">\n\t\t\t\t<div class=\"elementor-widget-container\">\n\t\t\t<h1 class=\"elementor-heading-title elementor-size-default\">Impresi\u00f3n offset y digital, gran formato, packaging y mucho m\u00e1s...<\/h1>\t\t<\/div>\n\t\t\t\t<\/div>\n\t\t\t\t\t<\/div>\n\t\t<\/div>\n\t\t\t\t\t<\/div>\n\t\t<\/section>\n\t\t\t\t<section class=\"elementor-section elementor-top-section elementor-element elementor-element-13af9f8 elementor-section-boxed elementor-section-height-default elementor-section-height-default\" data-id=\"13af9f8\" data-element_type=\"section\">\n\t\t\t\t\t\t<div class=\"elementor-container elementor-column-gap-default\">\n\t\t\t\t\t<div class=\"elementor-column elementor-col-25 elementor-top-column elementor-element elementor-element-48344b1\" data-id=\"48344b1\" data-element_type=\"column\">\n\t\t\t<div class=\"elementor-widget-wrap elementor-element-populated\">\n\t\t\t\t\t\t<div class=\"elementor-element elementor-element-619ca56 elementor-widget elementor-widget-image\" data-id=\"619ca56\" data-element_type=\"widget\" data-widget_type=\"image.default\">\n\t\t\t\t<div class=\"elementor-widget-container\">\n\t\t\t\t\t\t\t\t\t\t\t\t\t<img fetchpriority=\"high\" decoding=\"async\" width=\"1000\" height=\"1440\" src=\"https:\/\/morellimpressors.com\/wp-content\/uploads\/2023\/04\/Unknown-3-1.jpeg\" class=\"attachment-full size-full wp-image-820\" alt=\"\" srcset=\"https:\/\/morellimpressors.com\/wp-content\/uploads\/2023\/04\/Unknown-3-1.jpeg 1000w, https:\/\/morellimpressors.com\/wp-content\/uploads\/2023\/04\/Unknown-3-1-8x12.jpeg 8w\" sizes=\"(max-width: 1000px) 100vw, 1000px\" \/>\t\t\t\t\t\t\t\t\t\t\t\t\t<\/div>\n\t\t\t\t<\/div>\n\t\t\t\t\t<\/div>\n\t\t<\/div>\n\t\t\t\t<div class=\"elementor-column elementor-col-25 elementor-top-column elementor-element elementor-element-f8a1397\" data-id=\"f8a1397\" data-element_type=\"column\">\n\t\t\t<div class=\"elementor-widget-wrap elementor-element-populated\">\n\t\t\t\t\t\t<div class=\"elementor-element elementor-element-3551065 elementor-widget elementor-widget-image\" data-id=\"3551065\" data-element_type=\"widget\" data-widget_type=\"image.default\">\n\t\t\t\t<div class=\"elementor-widget-container\">\n\t\t\t\t\t\t\t\t\t\t\t\t\t<img decoding=\"async\" width=\"1000\" height=\"1461\" src=\"https:\/\/morellimpressors.com\/wp-content\/uploads\/2023\/04\/Unknown-4.jpeg\" class=\"attachment-full size-full wp-image-821\" alt=\"\" srcset=\"https:\/\/morellimpressors.com\/wp-content\/uploads\/2023\/04\/Unknown-4.jpeg 1000w, https:\/\/morellimpressors.com\/wp-content\/uploads\/2023\/04\/Unknown-4-8x12.jpeg 8w\" sizes=\"(max-width: 1000px) 100vw, 1000px\" \/>\t\t\t\t\t\t\t\t\t\t\t\t\t<\/div>\n\t\t\t\t<\/div>\n\t\t\t\t\t<\/div>\n\t\t<\/div>\n\t\t\t\t<div class=\"elementor-column elementor-col-25 elementor-top-column elementor-element elementor-element-2f3e17a\" data-id=\"2f3e17a\" data-element_type=\"column\">\n\t\t\t<div class=\"elementor-widget-wrap\">\n\t\t\t\t\t\t\t<\/div>\n\t\t<\/div>\n\t\t\t\t<div class=\"elementor-column elementor-col-25 elementor-top-column elementor-element elementor-element-c3abd9d\" data-id=\"c3abd9d\" data-element_type=\"column\">\n\t\t\t<div class=\"elementor-widget-wrap elementor-element-populated\">\n\t\t\t\t\t\t<div class=\"elementor-element elementor-element-43b40b5 elementor-widget elementor-widget-heading\" data-id=\"43b40b5\" data-element_type=\"widget\" data-widget_type=\"heading.default\">\n\t\t\t\t<div class=\"elementor-widget-container\">\n\t\t\t<h3 class=\"elementor-heading-title elementor-size-default\">Tu impresor<\/h3>\t\t<\/div>\n\t\t\t\t<\/div>\n\t\t\t\t<div class=\"elementor-element elementor-element-deb1bab elementor-widget elementor-widget-text-editor\" data-id=\"deb1bab\" data-element_type=\"widget\" data-widget_type=\"text-editor.default\">\n\t\t\t\t<div class=\"elementor-widget-container\">\n\t\t\t\t\t\t\t<p>de confianza<\/p>\t\t\t\t\t\t<\/div>\n\t\t\t\t<\/div>\n\t\t\t\t<div class=\"elementor-element elementor-element-ef3b46e elementor-widget elementor-widget-text-editor\" data-id=\"ef3b46e\" data-element_type=\"widget\" data-widget_type=\"text-editor.default\">\n\t\t\t\t<div class=\"elementor-widget-container\">\n\t\t\t\t\t\t\t<p>Somos la 3a generaci\u00f3n de una familia de impresores, es por este motivo que sentimos y vivimos nuestra profesi\u00f3n con pasi\u00f3n y dedicaci\u00f3n.<br><strong>D\u00e9janos que te acompa\u00f1emos.<\/strong><\/p>\n<h3>Impressors desde 1913<\/h3>\t\t\t\t\t\t<\/div>\n\t\t\t\t<\/div>\n\t\t\t\t\t<\/div>\n\t\t<\/div>\n\t\t\t\t\t<\/div>\n\t\t<\/section>\n\t\t\t\t<\/div>","protected":false},"excerpt":{"rendered":"<p>hoimprimimtot i b\u00e9. Impressi\u00f3 \u00f2fset i digital, gran format, packaging i molt m\u00e9s&#8230; El teu impressor de confian\u00e7a Som la 3a generaci\u00f3 d&#8217;una fam\u00edlia d&#8217;impressors, \u00e9s per aquest motiu, que sentim i vivim la nostra professi\u00f3 amb passi\u00f3 i dedicaci\u00f3.Deixa&#8217;ns que t&#8217;acompanyem. Impressors desde 1913<\/p>","protected":false},"author":1,"featured_media":0,"parent":0,"menu_order":0,"comment_status":"closed","ping_status":"closed","template":"","meta":{"site-sidebar-layout":"no-sidebar","site-content-layout":"page-builder","ast-site-content-layout":"","site-content-style":"default","site-sidebar-style":"default","ast-global-header-display":"","ast-banner-title-visibility":"","ast-main-header-display":"","ast-hfb-above-header-display":"","ast-hfb-below-header-display":"","ast-hfb-mobile-header-display":"","site-post-title":"disabled","ast-breadcrumbs-content":"","ast-featured-img":"disabled","footer-sml-layout":"","theme-transparent-header-meta":"","adv-header-id-meta":"","stick-header-meta":"","header-above-stick-meta":"","header-main-stick-meta":"","header-below-stick-meta":"","astra-migrate-meta-layouts":"default","ast-page-background-enabled":"default","ast-page-background-meta":{"desktop":{"background-color":"var(--ast-global-color-4)","background-image":"","background-repeat":"repeat","background-position":"center center","background-size":"auto","background-attachment":"scroll","background-type":"","background-media":"","overlay-type":"","overlay-color":"","overlay-opacity":"","overlay-gradient":""},"tablet":{"background-color":"","background-image":"","background-repeat":"repeat","background-position":"center center","background-size":"auto","background-attachment":"scroll","background-type":"","background-media":"","overlay-type":"","overlay-color":"","overlay-opacity":"","overlay-gradient":""},"mobile":{"background-color":"","background-image":"","background-repeat":"repeat","background-position":"center center","background-size":"auto","background-attachment":"scroll","background-type":"","background-media":"","overlay-type":"","overlay-color":"","overlay-opacity":"","overlay-gradient":""}},"ast-content-background-meta":{"desktop":{"background-color":"var(--ast-global-color-5)","background-image":"","background-repeat":"repeat","background-position":"center center","background-size":"auto","background-attachment":"scroll","background-type":"","background-media":"","overlay-type":"","overlay-color":"","overlay-opacity":"","overlay-gradient":""},"tablet":{"background-color":"var(--ast-global-color-5)","background-image":"","background-repeat":"repeat","background-position":"center center","background-size":"auto","background-attachment":"scroll","background-type":"","background-media":"","overlay-type":"","overlay-color":"","overlay-opacity":"","overlay-gradient":""},"mobile":{"background-color":"var(--ast-global-color-5)","background-image":"","background-repeat":"repeat","background-position":"center center","background-size":"auto","background-attachment":"scroll","background-type":"","background-media":"","overlay-type":"","overlay-color":"","overlay-opacity":"","overlay-gradient":""}},"footnotes":""},"class_list":["post-197","page","type-page","status-publish","hentry"],"yoast_head":"<!-- This site is optimized with the Yoast SEO plugin v22.9 - https:\/\/yoast.com\/wordpress\/plugins\/seo\/ -->\n<title>Qui som - Morell Impressors<\/title>\n<meta name=\"description\" content=\"Som la 3a generaci\u00f3 d\u2019una fam\u00edlia d\u2019impressors, \u00e9s per aquest motiu, que sentim i vivim la nostra professi\u00f3 amb passi\u00f3 i dedicaci\u00f3.\" \/>\n<meta name=\"robots\" content=\"index, follow, max-snippet:-1, max-image-preview:large, max-video-preview:-1\" \/>\n<link rel=\"canonical\" href=\"https:\/\/morellimpressors.com\/es\/qui-som\/\" \/>\n<meta property=\"og:locale\" content=\"es_ES\" \/>\n<meta property=\"og:type\" content=\"article\" \/>\n<meta property=\"og:title\" content=\"Qui som - Morell Impressors\" \/>\n<meta property=\"og:description\" content=\"Som la 3a generaci\u00f3 d\u2019una fam\u00edlia d\u2019impressors, \u00e9s per aquest motiu, que sentim i vivim la nostra professi\u00f3 amb passi\u00f3 i dedicaci\u00f3.\" \/>\n<meta property=\"og:url\" content=\"https:\/\/morellimpressors.com\/es\/qui-som\/\" \/>\n<meta property=\"og:site_name\" content=\"Morell Impressors\" \/>\n<meta property=\"article:modified_time\" content=\"2023-04-27T20:27:34+00:00\" \/>\n<meta property=\"og:image\" content=\"https:\/\/morellimpressors.com\/wp-content\/uploads\/2023\/04\/Unknown-3-1.jpeg\" \/>\n<meta name=\"twitter:card\" content=\"summary_large_image\" \/>\n<meta name=\"twitter:label1\" content=\"Tiempo de lectura\" \/>\n\t<meta name=\"twitter:data1\" content=\"1 minuto\" \/>\n<script type=\"application\/ld+json\" class=\"yoast-schema-graph\">{\"@context\":\"https:\/\/schema.org\",\"@graph\":[{\"@type\":\"WebPage\",\"@id\":\"https:\/\/morellimpressors.com\/qui-som\/\",\"url\":\"https:\/\/morellimpressors.com\/qui-som\/\",\"name\":\"Qui som - Morell Impressors\",\"isPartOf\":{\"@id\":\"https:\/\/morellimpressors.com\/#website\"},\"primaryImageOfPage\":{\"@id\":\"https:\/\/morellimpressors.com\/qui-som\/#primaryimage\"},\"image\":{\"@id\":\"https:\/\/morellimpressors.com\/qui-som\/#primaryimage\"},\"thumbnailUrl\":\"https:\/\/morellimpressors.com\/wp-content\/uploads\/2023\/04\/Unknown-3-1.jpeg\",\"datePublished\":\"2023-03-24T15:10:20+00:00\",\"dateModified\":\"2023-04-27T20:27:34+00:00\",\"description\":\"Som la 3a generaci\u00f3 d\u2019una fam\u00edlia d\u2019impressors, \u00e9s per aquest motiu, que sentim i vivim la nostra professi\u00f3 amb passi\u00f3 i dedicaci\u00f3.\",\"breadcrumb\":{\"@id\":\"https:\/\/morellimpressors.com\/qui-som\/#breadcrumb\"},\"inLanguage\":\"es\",\"potentialAction\":[{\"@type\":\"ReadAction\",\"target\":[\"https:\/\/morellimpressors.com\/qui-som\/\"]}]},{\"@type\":\"ImageObject\",\"inLanguage\":\"es\",\"@id\":\"https:\/\/morellimpressors.com\/qui-som\/#primaryimage\",\"url\":\"https:\/\/morellimpressors.com\/wp-content\/uploads\/2023\/04\/Unknown-3-1.jpeg\",\"contentUrl\":\"https:\/\/morellimpressors.com\/wp-content\/uploads\/2023\/04\/Unknown-3-1.jpeg\"},{\"@type\":\"BreadcrumbList\",\"@id\":\"https:\/\/morellimpressors.com\/qui-som\/#breadcrumb\",\"itemListElement\":[{\"@type\":\"ListItem\",\"position\":1,\"name\":\"Portada\",\"item\":\"https:\/\/morellimpressors.com\/\"},{\"@type\":\"ListItem\",\"position\":2,\"name\":\"Qui som\"}]},{\"@type\":\"WebSite\",\"@id\":\"https:\/\/morellimpressors.com\/#website\",\"url\":\"https:\/\/morellimpressors.com\/\",\"name\":\"Morell Impressors\",\"description\":\"Otro sitio realizado con WordPress\",\"publisher\":{\"@id\":\"https:\/\/morellimpressors.com\/#organization\"},\"potentialAction\":[{\"@type\":\"SearchAction\",\"target\":{\"@type\":\"EntryPoint\",\"urlTemplate\":\"https:\/\/morellimpressors.com\/?s={search_term_string}\"},\"query-input\":\"required name=search_term_string\"}],\"inLanguage\":\"es\"},{\"@type\":\"Organization\",\"@id\":\"https:\/\/morellimpressors.com\/#organization\",\"name\":\"Morell Impressors\",\"url\":\"https:\/\/morellimpressors.com\/\",\"logo\":{\"@type\":\"ImageObject\",\"inLanguage\":\"es\",\"@id\":\"https:\/\/morellimpressors.com\/#\/schema\/logo\/image\/\",\"url\":\"https:\/\/morellimpressors.com\/wp-content\/uploads\/2023\/04\/Unknown-4.png\",\"contentUrl\":\"https:\/\/morellimpressors.com\/wp-content\/uploads\/2023\/04\/Unknown-4.png\",\"width\":567,\"height\":567,\"caption\":\"Morell Impressors\"},\"image\":{\"@id\":\"https:\/\/morellimpressors.com\/#\/schema\/logo\/image\/\"}}]}<\/script>\n<!-- \/ Yoast SEO plugin. -->","yoast_head_json":{"title":"Qui som - Morell Impressors","description":"Som la 3a generaci\u00f3 d\u2019una fam\u00edlia d\u2019impressors, \u00e9s per aquest motiu, que sentim i vivim la nostra professi\u00f3 amb passi\u00f3 i dedicaci\u00f3.","robots":{"index":"index","follow":"follow","max-snippet":"max-snippet:-1","max-image-preview":"max-image-preview:large","max-video-preview":"max-video-preview:-1"},"canonical":"https:\/\/morellimpressors.com\/es\/qui-som\/","og_locale":"es_ES","og_type":"article","og_title":"Qui som - Morell Impressors","og_description":"Som la 3a generaci\u00f3 d\u2019una fam\u00edlia d\u2019impressors, \u00e9s per aquest motiu, que sentim i vivim la nostra professi\u00f3 amb passi\u00f3 i dedicaci\u00f3.","og_url":"https:\/\/morellimpressors.com\/es\/qui-som\/","og_site_name":"Morell Impressors","article_modified_time":"2023-04-27T20:27:34+00:00","og_image":[{"url":"https:\/\/morellimpressors.com\/wp-content\/uploads\/2023\/04\/Unknown-3-1.jpeg"}],"twitter_card":"summary_large_image","twitter_misc":{"Tiempo de lectura":"1 minuto"},"schema":{"@context":"https:\/\/schema.org","@graph":[{"@type":"WebPage","@id":"https:\/\/morellimpressors.com\/qui-som\/","url":"https:\/\/morellimpressors.com\/qui-som\/","name":"Qui som - Morell Impressors","isPartOf":{"@id":"https:\/\/morellimpressors.com\/#website"},"primaryImageOfPage":{"@id":"https:\/\/morellimpressors.com\/qui-som\/#primaryimage"},"image":{"@id":"https:\/\/morellimpressors.com\/qui-som\/#primaryimage"},"thumbnailUrl":"https:\/\/morellimpressors.com\/wp-content\/uploads\/2023\/04\/Unknown-3-1.jpeg","datePublished":"2023-03-24T15:10:20+00:00","dateModified":"2023-04-27T20:27:34+00:00","description":"Som la 3a generaci\u00f3 d\u2019una fam\u00edlia d\u2019impressors, \u00e9s per aquest motiu, que sentim i vivim la nostra professi\u00f3 amb passi\u00f3 i dedicaci\u00f3.","breadcrumb":{"@id":"https:\/\/morellimpressors.com\/qui-som\/#breadcrumb"},"inLanguage":"es","potentialAction":[{"@type":"ReadAction","target":["https:\/\/morellimpressors.com\/qui-som\/"]}]},{"@type":"ImageObject","inLanguage":"es","@id":"https:\/\/morellimpressors.com\/qui-som\/#primaryimage","url":"https:\/\/morellimpressors.com\/wp-content\/uploads\/2023\/04\/Unknown-3-1.jpeg","contentUrl":"https:\/\/morellimpressors.com\/wp-content\/uploads\/2023\/04\/Unknown-3-1.jpeg"},{"@type":"BreadcrumbList","@id":"https:\/\/morellimpressors.com\/qui-som\/#breadcrumb","itemListElement":[{"@type":"ListItem","position":1,"name":"Portada","item":"https:\/\/morellimpressors.com\/"},{"@type":"ListItem","position":2,"name":"Qui som"}]},{"@type":"WebSite","@id":"https:\/\/morellimpressors.com\/#website","url":"https:\/\/morellimpressors.com\/","name":"Morell Impressors","description":"Otro sitio realizado con WordPress","publisher":{"@id":"https:\/\/morellimpressors.com\/#organization"},"potentialAction":[{"@type":"SearchAction","target":{"@type":"EntryPoint","urlTemplate":"https:\/\/morellimpressors.com\/?s={search_term_string}"},"query-input":"required name=search_term_string"}],"inLanguage":"es"},{"@type":"Organization","@id":"https:\/\/morellimpressors.com\/#organization","name":"Morell Impressors","url":"https:\/\/morellimpressors.com\/","logo":{"@type":"ImageObject","inLanguage":"es","@id":"https:\/\/morellimpressors.com\/#\/schema\/logo\/image\/","url":"https:\/\/morellimpressors.com\/wp-content\/uploads\/2023\/04\/Unknown-4.png","contentUrl":"https:\/\/morellimpressors.com\/wp-content\/uploads\/2023\/04\/Unknown-4.png","width":567,"height":567,"caption":"Morell Impressors"},"image":{"@id":"https:\/\/morellimpressors.com\/#\/schema\/logo\/image\/"}}]}},"_links":{"self":[{"href":"https:\/\/morellimpressors.com\/es\/wp-json\/wp\/v2\/pages\/197","targetHints":{"allow":["GET"]}}],"collection":[{"href":"https:\/\/morellimpressors.com\/es\/wp-json\/wp\/v2\/pages"}],"about":[{"href":"https:\/\/morellimpressors.com\/es\/wp-json\/wp\/v2\/types\/page"}],"author":[{"embeddable":true,"href":"https:\/\/morellimpressors.com\/es\/wp-json\/wp\/v2\/users\/1"}],"replies":[{"embeddable":true,"href":"https:\/\/morellimpressors.com\/es\/wp-json\/wp\/v2\/comments?post=197"}],"version-history":[{"count":8,"href":"https:\/\/morellimpressors.com\/es\/wp-json\/wp\/v2\/pages\/197\/revisions"}],"predecessor-version":[{"id":856,"href":"https:\/\/morellimpressors.com\/es\/wp-json\/wp\/v2\/pages\/197\/revisions\/856"}],"wp:attachment":[{"href":"https:\/\/morellimpressors.com\/es\/wp-json\/wp\/v2\/media?parent=197"}],"curies":[{"name":"wp","href":"https:\/\/api.w.org\/{rel}","templated":true}]}}